{"id":7607,"date":"2020-09-21T12:13:43","date_gmt":"2020-09-21T10:13:43","guid":{"rendered":"https:\/\/dev1.alpenpionier.ch\/pionniers\/"},"modified":"2023-01-20T10:06:51","modified_gmt":"2023-01-20T09:06:51","slug":"pionniers","status":"publish","type":"page","link":"https:\/\/dev1.alpenpionier.ch\/fr\/pionniers\/","title":{"rendered":"Pionniers"},"content":{"rendered":"<div class=\"wpb-content-wrapper\"><p>[vc_row height=\u00a0\u00bbmedium\u00a0\u00bb full_height=\u00a0\u00bb1&Prime; v_align=\u00a0\u00bbbottom\u00a0\u00bb width=\u00a0\u00bb1&Prime; us_bg_image_source=\u00a0\u00bbmedia\u00a0\u00bb us_bg_image=\u00a0\u00bb12807&Prime; us_bg_repeat=\u00a0\u00bbno-repeat\u00a0\u00bb us_bg_parallax=\u00a0\u00bbvertical\u00a0\u00bb content_placement=\u00a0\u00bbbottom\u00a0\u00bb css=\u00a0\u00bb%7B%22default%22%3A%7B%22margin-top%22%3A%220px%22%2C%22padding-top%22%3A%220px%22%7D%7D\u00a0\u00bb el_id=\u00a0\u00bbintro-de-desk\u00a0\u00bb bg_type=\u00a0\u00bbbg_color\u00a0\u00bb ult_hide_row=\u00a0\u00bbult_hide_row_value\u00a0\u00bb ult_hide_row_tablet_small=\u00a0\u00bbxs_tablet\u00a0\u00bb ult_hide_row_mobile=\u00a0\u00bbmobile\u00a0\u00bb ult_hide_row_mobile_large=\u00a0\u00bbxl_mobile\u00a0\u00bb][vc_column css=\u00a0\u00bb%7B%22default%22%3A%7B%22margin-top%22%3A%220px%22%2C%22padding-top%22%3A%220px%22%7D%7D\u00a0\u00bb][\/vc_column][\/vc_row][vc_row height=\u00a0\u00bbmedium\u00a0\u00bb full_height=\u00a0\u00bb1&Prime; v_align=\u00a0\u00bbbottom\u00a0\u00bb width=\u00a0\u00bb1&Prime; us_bg_image_source=\u00a0\u00bbmedia\u00a0\u00bb us_bg_image=\u00a0\u00bb12810&Prime; us_bg_repeat=\u00a0\u00bbno-repeat\u00a0\u00bb content_placement=\u00a0\u00bbbottom\u00a0\u00bb css=\u00a0\u00bb%7B%22default%22%3A%7B%22margin-top%22%3A%220px%22%2C%22padding-top%22%3A%220px%22%7D%7D\u00a0\u00bb el_id=\u00a0\u00bbintro-de-mobile\u00a0\u00bb bg_type=\u00a0\u00bbbg_color\u00a0\u00bb ult_hide_row=\u00a0\u00bbult_hide_row_value\u00a0\u00bb ult_hide_row_large_screen=\u00a0\u00bblarge_screen\u00a0\u00bb ult_hide_row_desktop=\u00a0\u00bbdesktop\u00a0\u00bb ult_hide_row_tablet=\u00a0\u00bbtablet\u00a0\u00bb][vc_column css=\u00a0\u00bb%7B%22default%22%3A%7B%22margin-top%22%3A%220px%22%2C%22padding-top%22%3A%220px%22%7D%7D\u00a0\u00bb][\/vc_column][\/vc_row][vc_row el_id=\u00a0\u00bbnotre objectif\u00a0\u00bb][vc_column][vc_custom_heading text=\u00a0\u00bbBiologique color\u00e9\u00a0\u00bb font_container=\u00a0\u00bbtag:h1|text_align:center\u00a0\u00bb use_theme_fonts=\u00a0\u00bbyes\u00a0\u00bb][\/vc_column][\/vc_row][vc_row el_id=\u00a0\u00bbtext_desk\u00a0\u00bb bg_type=\u00a0\u00bbbg_color\u00a0\u00bb ult_hide_row=\u00a0\u00bbult_hide_row_value\u00a0\u00bb ult_hide_row_mobile=\u00a0\u00bbmobile\u00a0\u00bb ult_hide_row_mobile_large=\u00a0\u00bbxl_mobile\u00a0\u00bb bg_color_value=\u00a0\u00bb#ffffff\u00a0\u00bb][vc_column][vc_custom_heading text=\u00a0\u00bbTeam Dream\u00a0\u00bb use_theme_fonts=\u00a0\u00bbyes\u00a0\u00bb][vc_column_text css=\u00a0\u00bb%7B%22default%22%3A%7B%22font-size%22%3A%2222px%22%2C%22line-height%22%3A%2228px%22%7D%7D\u00a0\u00bb el_class=\u00a0\u00bbbody_font_desk\u00a0\u00bb]<\/p>\n<p class=\"p3\"><span class=\"s1\">On dirait un conte de f\u00e9es, mais ce n\u2019est pas une blague. Un technologe alimentaires, un jardinier, un snowboardeur et une cuisini\u00e8re se rencontrent. La vision commune: remettre en culture le chanvre alimentaire en Suisse et le remettre dans l\u2019assiette.<\/span><span class=\"apple-converted-space\"> <\/span><span class=\"s1\">Il est remarquable de voir \u00e0 quel point les pionniers se rassemblent de mani\u00e8re organique et ax\u00e9e sur les objectifs. Professionnels de la minoterie, agriculteurs et business punks affinent la troupe anim\u00e9e. <\/span><span class=\"s1\">Ajoutez d&rsquo;autres strat\u00e8ges et communicateurs et le groupe branch\u00e9 est complet.<\/span><\/p>\n<p>[\/vc_column_text][\/vc_column][\/vc_row][vc_row el_id=\u00a0\u00bbtext_mobile\u00a0\u00bb bg_type=\u00a0\u00bbbg_color\u00a0\u00bb ult_hide_row=\u00a0\u00bbult_hide_row_value\u00a0\u00bb ult_hide_row_large_screen=\u00a0\u00bblarge_screen\u00a0\u00bb ult_hide_row_desktop=\u00a0\u00bbdesktop\u00a0\u00bb ult_hide_row_tablet=\u00a0\u00bbtablet\u00a0\u00bb ult_hide_row_tablet_small=\u00a0\u00bbxs_tablet\u00a0\u00bb bg_color_value=\u00a0\u00bb#ffffff\u00a0\u00bb][vc_column][vc_custom_heading text=\u00a0\u00bbTeam Dream\u00a0\u00bb use_theme_fonts=\u00a0\u00bbyes\u00a0\u00bb][vc_column_text css=\u00a0\u00bb%7B%22default%22%3A%7B%22font-size%22%3A%2220px%22%2C%22line-height%22%3A%2223px%22%7D%7D\u00a0\u00bb el_class=\u00a0\u00bbbody_font_mobile\u00a0\u00bb]<\/p>\n<p style=\"text-align: left;\"><span class=\"s1\">On dirait un conte de f\u00e9es, mais ce n\u2019est pas une blague. Un technologe alimentaires, un jardinier, un snowboardeur et une cuisini\u00e8re se rencontrent. La vision commune: remettre en culture le chanvre alimentaire en Suisse et le remettre dans l\u2019assiette.<\/span><span class=\"apple-converted-space\"> <\/span><span class=\"s1\">Il est remarquable de voir \u00e0 quel point les pionniers se rassemblent de mani\u00e8re organique et ax\u00e9e sur les objectifs. Professionnels de la minoterie, agriculteurs et business punks affinent la troupe anim\u00e9e. <\/span><span class=\"s1\">Ajoutez d&rsquo;autres strat\u00e8ges et communicateurs et le groupe branch\u00e9 est complet.<br \/>\n<\/span><\/p>\n<p>[\/vc_column_text][\/vc_column][\/vc_row][vc_row width=\u00a0\u00bbfull\u00a0\u00bb el_id=\u00a0\u00bbpionniers alpins\u00a0\u00bb][vc_column][vc_custom_heading text=\u00a0\u00bbLes AlpenPionieres\u00a0\u00bb font_container=\u00a0\u00bbtag:h1|text_align:center\u00a0\u00bb use_theme_fonts=\u00a0\u00bbyes\u00a0\u00bb css=\u00a0\u00bb%7B%22default%22%3A%7B%22color%22%3A%22%23000000%22%7D%7D\u00a0\u00bb][us_separator size=\u00a0\u00bbcustom\u00a0\u00bb height=\u00a0\u00bb10px\u00a0\u00bb][\/vc_column][\/vc_row][vc_row height=\u00a0\u00bbauto\u00a0\u00bb width=\u00a0\u00bbfull\u00a0\u00bb color_scheme=\u00a0\u00bbalternate\u00a0\u00bb][vc_column css=\u00a0\u00bb%7B%22default%22%3A%7B%22background-image%22%3A%225340%7Cfull%22%2C%22background-position%22%3A%22center%22%2C%22background-size%22%3A%22cover%22%2C%22background-repeat%22%3A%22no-repeat%22%7D%7D\u00a0\u00bb width=\u00a0\u00bb1\/2&Prime;]<div class=\"ult-spacer spacer-69e9ef174856a\" data-id=\"69e9ef174856a\" data-height=\"500\" data-height-mobile=\"200\" data-height-tab=\"\" data-height-tab-portrait=\"\" data-height-mobile-landscape=\"400\" style=\"clear:both;display:block;\"><\/div>[vc_custom_heading text=\u00a0\u00bbCarlo Weber\u00a0\u00bb font_container=\u00a0\u00bbtag:p|text_align:center\u00a0\u00bb use_theme_fonts=\u00a0\u00bbyes\u00a0\u00bb link=\u00a0\u00bburl:https%3A%2F%2Fwww.youtube.com%2Fwatch%3Fv%3DoTQJAaabv2g|target:%20_blank|\u00a0\u00bb css=\u00a0\u00bb%7B%22default%22%3A%7B%22color%22%3A%22%23ffffff%22%2C%22font-weight%22%3A%22700%22%2C%22font-size%22%3A%2245px%22%7D%2C%22tablets%22%3A%7B%22color%22%3A%22%23ffffff%22%7D%2C%22mobiles%22%3A%7B%22color%22%3A%22%23ffffff%22%2C%22font-weight%22%3A%22700%22%2C%22font-size%22%3A%2230px%22%7D%7D\u00a0\u00bb][vc_column_text css=\u00a0\u00bb%7B%22default%22%3A%7B%22font-size%22%3A%2222px%22%2C%22line-height%22%3A%2228px%22%7D%7D\u00a0\u00bb]<\/p>\n<h6 style=\"text-align: center;\"><span style=\"color: #ffffff;\"><a style=\"color: #ffffff;\" href=\"https:\/\/www.youtube.com\/watch?v=oTQJAaabv2g\" target=\"_blank\" rel=\"noopener noreferrer\"><span style=\"font-family: 'Amiri'; font-size: 30px;\">G\u00e9rant d&rsquo;entreprise et ventes<\/span><\/a><\/span><\/h6>\n<p>[\/vc_column_text]<div class=\"ult-spacer spacer-69e9ef17485df\" data-id=\"69e9ef17485df\" data-height=\"200\" data-height-mobile=\"100\" data-height-tab=\"\" data-height-tab-portrait=\"\" data-height-mobile-landscape=\"100\" style=\"clear:both;display:block;\"><\/div>[\/vc_column][vc_column css=\u00a0\u00bb%7B%22default%22%3A%7B%22background-color%22%3A%22%23000000%22%2C%22background-position%22%3A%22center%22%2C%22background-size%22%3A%22cover%22%2C%22background-repeat%22%3A%22no-repeat%22%7D%7D\u00a0\u00bb width=\u00a0\u00bb1\/2&Prime;]<div class=\"ult-spacer spacer-69e9ef1748624\" data-id=\"69e9ef1748624\" data-height=\"500\" data-height-mobile=\"200\" data-height-tab=\"\" data-height-tab-portrait=\"\" data-height-mobile-landscape=\"400\" style=\"clear:both;display:block;\"><\/div>[vc_custom_heading text=\u00a0\u00bbValentino Bisig\u00a0\u00bb font_container=\u00a0\u00bbtag:p|text_align:center\u00a0\u00bb use_theme_fonts=\u00a0\u00bbyes\u00a0\u00bb css=\u00a0\u00bb%7B%22default%22%3A%7B%22color%22%3A%22%23ffffff%22%2C%22font-weight%22%3A%22700%22%2C%22font-size%22%3A%2245px%22%7D%2C%22tablets%22%3A%7B%22color%22%3A%22%23ffffff%22%2C%22font-weight%22%3A%22700%22%7D%2C%22mobiles%22%3A%7B%22color%22%3A%22%23ffffff%22%2C%22font-weight%22%3A%22700%22%2C%22font-size%22%3A%2230px%22%7D%7D\u00a0\u00bb][vc_column_text css=\u00a0\u00bb%7B%22default%22%3A%7B%22font-size%22%3A%2222px%22%2C%22line-height%22%3A%2228px%22%7D%7D\u00a0\u00bb]<\/p>\n<h6 style=\"text-align: center;\"><span style=\"color: #ffffff; font-family: 'Amiri'; font-size: 30px;\">Production<\/span><\/h6>\n<p>[\/vc_column_text]<div class=\"ult-spacer spacer-69e9ef174865f\" data-id=\"69e9ef174865f\" data-height=\"200\" data-height-mobile=\"100\" data-height-tab=\"\" data-height-tab-portrait=\"\" data-height-mobile-landscape=\"100\" style=\"clear:both;display:block;\"><\/div>[\/vc_column][\/vc_row][vc_row height=\u00a0\u00bbauto\u00a0\u00bb width=\u00a0\u00bbfull\u00a0\u00bb color_scheme=\u00a0\u00bbalternate\u00a0\u00bb][vc_column css=\u00a0\u00bb%7B%22default%22%3A%7B%22background-image%22%3A%225373%22%2C%22background-position%22%3A%22center%22%2C%22background-size%22%3A%22cover%22%7D%7D\u00a0\u00bb width=\u00a0\u00bb1\/2&Prime;]<div class=\"ult-spacer spacer-69e9ef1748694\" data-id=\"69e9ef1748694\" data-height=\"500\" data-height-mobile=\"200\" data-height-tab=\"\" data-height-tab-portrait=\"\" data-height-mobile-landscape=\"400\" style=\"clear:both;display:block;\"><\/div>[vc_custom_heading text=\u00a0\u00bbNicolas M\u00fcller\u00a0\u00bb font_container=\u00a0\u00bbtag:p|text_align:center\u00a0\u00bb use_theme_fonts=\u00a0\u00bbyes\u00a0\u00bb link=\u00a0\u00bburl:https%3A%2F%2Fwww.youtube.com%2Fwatch%3Fv%3DJSIXGX9G4AI|target:%20_blank|\u00a0\u00bb css=\u00a0\u00bb%7B%22default%22%3A%7B%22color%22%3A%22%23ffffff%22%2C%22font-weight%22%3A%22700%22%2C%22font-size%22%3A%2245px%22%7D%2C%22tablets%22%3A%7B%22color%22%3A%22%23ffffff%22%2C%22font-weight%22%3A%22700%22%2C%22font-size%22%3A%2245px%22%7D%2C%22mobiles%22%3A%7B%22color%22%3A%22%23ffffff%22%2C%22font-weight%22%3A%22700%22%2C%22font-size%22%3A%2230px%22%7D%7D\u00a0\u00bb][vc_column_text css=\u00a0\u00bb%7B%22default%22%3A%7B%22font-size%22%3A%2222px%22%2C%22line-height%22%3A%2228px%22%7D%7D\u00a0\u00bb]<\/p>\n<h6 style=\"text-align: center;\"><a href=\"https:\/\/www.youtube.com\/watch?v=JSIXGX9G4AI\" target=\"_blank\" rel=\"noopener noreferrer\"><span style=\"color: #000000; font-family: 'Amiri'; font-size: 30px;\"><span style=\"color: #ffffff;\">SurfVisionary<\/span><\/span><\/a><\/h6>\n<p>[\/vc_column_text]<div class=\"ult-spacer spacer-69e9ef17486c7\" data-id=\"69e9ef17486c7\" data-height=\"200\" data-height-mobile=\"100\" data-height-tab=\"\" data-height-tab-portrait=\"\" data-height-mobile-landscape=\"100\" style=\"clear:both;display:block;\"><\/div>[\/vc_column][vc_column css=\u00a0\u00bb%7B%22default%22%3A%7B%22background-image%22%3A%225337%22%2C%22background-position%22%3A%22center%22%2C%22background-size%22%3A%22cover%22%7D%7D\u00a0\u00bb width=\u00a0\u00bb1\/2&Prime;]<div class=\"ult-spacer spacer-69e9ef17486f8\" data-id=\"69e9ef17486f8\" data-height=\"500\" data-height-mobile=\"200\" data-height-tab=\"\" data-height-tab-portrait=\"\" data-height-mobile-landscape=\"400\" style=\"clear:both;display:block;\"><\/div>[vc_custom_heading text=\u00a0\u00bbAndreas N\u00e4scher\u00a0\u00bb font_container=\u00a0\u00bbtag:p|text_align:center\u00a0\u00bb use_theme_fonts=\u00a0\u00bbyes\u00a0\u00bb css=\u00a0\u00bb%7B%22default%22%3A%7B%22color%22%3A%22%23ffffff%22%2C%22font-weight%22%3A%22700%22%2C%22font-size%22%3A%2245px%22%7D%2C%22tablets%22%3A%7B%22color%22%3A%22%23ffffff%22%2C%22font-weight%22%3A%22700%22%2C%22font-size%22%3A%2245px%22%7D%2C%22mobiles%22%3A%7B%22color%22%3A%22%23ffffff%22%2C%22font-weight%22%3A%22700%22%2C%22font-size%22%3A%2230px%22%7D%7D\u00a0\u00bb][vc_column_text css=\u00a0\u00bb%7B%22default%22%3A%7B%22font-size%22%3A%2222px%22%2C%22line-height%22%3A%2228px%22%7D%7D\u00a0\u00bb]<\/p>\n<h6 style=\"text-align: center;\"><span style=\"color: #000000; font-family: 'Amiri'; font-size: 30px;\"><span style=\"color: #ffffff;\">Agriculteur biologique<\/span><\/span><\/h6>\n<p>[\/vc_column_text]<div class=\"ult-spacer spacer-69e9ef1748728\" data-id=\"69e9ef1748728\" data-height=\"200\" data-height-mobile=\"100\" data-height-tab=\"\" data-height-tab-portrait=\"\" data-height-mobile-landscape=\"100\" style=\"clear:both;display:block;\"><\/div>[\/vc_column][\/vc_row][vc_row height=\u00a0\u00bbauto\u00a0\u00bb width=\u00a0\u00bbfull\u00a0\u00bb color_scheme=\u00a0\u00bbalternate\u00a0\u00bb][vc_column css=\u00a0\u00bb%7B%22default%22%3A%7B%22background-image%22%3A%225355%7Cfull%22%2C%22background-position%22%3A%22center%22%2C%22background-size%22%3A%22cover%22%2C%22background-repeat%22%3A%22no-repeat%22%7D%7D\u00a0\u00bb width=\u00a0\u00bb1\/2&Prime;]<div class=\"ult-spacer spacer-69e9ef1748757\" data-id=\"69e9ef1748757\" data-height=\"500\" data-height-mobile=\"200\" data-height-tab=\"\" data-height-tab-portrait=\"\" data-height-mobile-landscape=\"400\" style=\"clear:both;display:block;\"><\/div>[vc_custom_heading text=\u00a0\u00bbRebecca Clopath\u00a0\u00bb font_container=\u00a0\u00bbtag:p|text_align:center\u00a0\u00bb use_theme_fonts=\u00a0\u00bbyes\u00a0\u00bb link=\u00a0\u00bburl:https%3A%2F%2Fwww.youtube.com%2Fwatch%3Fv%3Dg002Ka6G-uw|target:%20_blank|\u00a0\u00bb css=\u00a0\u00bb%7B%22default%22%3A%7B%22color%22%3A%22%23ffffff%22%2C%22font-weight%22%3A%22700%22%2C%22font-size%22%3A%2245px%22%7D%2C%22tablets%22%3A%7B%22color%22%3A%22%23ffffff%22%2C%22font-weight%22%3A%22700%22%2C%22font-size%22%3A%2245px%22%7D%2C%22mobiles%22%3A%7B%22color%22%3A%22%23ffffff%22%2C%22font-weight%22%3A%22700%22%2C%22font-size%22%3A%2230px%22%7D%7D\u00a0\u00bb][vc_column_text css=\u00a0\u00bb%7B%22default%22%3A%7B%22font-size%22%3A%2222px%22%2C%22line-height%22%3A%2228px%22%7D%7D\u00a0\u00bb]<\/p>\n<h6 style=\"text-align: center;\"><a href=\"https:\/\/www.youtube.com\/watch?v=g002Ka6G-uw\" target=\"_blank\" rel=\"noopener noreferrer\"><span style=\"color: #000000; font-family: 'Amiri'; font-size: 30px;\"><span style=\"color: #ffffff;\">ChefCuisine<\/span><\/span><\/a><\/h6>\n<p>[\/vc_column_text]<div class=\"ult-spacer spacer-69e9ef1748784\" data-id=\"69e9ef1748784\" data-height=\"200\" data-height-mobile=\"100\" data-height-tab=\"\" data-height-tab-portrait=\"\" data-height-mobile-landscape=\"100\" style=\"clear:both;display:block;\"><\/div>[\/vc_column][vc_column css=\u00a0\u00bb%7B%22default%22%3A%7B%22background-image%22%3A%225343%22%2C%22background-position%22%3A%22center%22%2C%22background-size%22%3A%22cover%22%2C%22background-repeat%22%3A%22no-repeat%22%7D%7D\u00a0\u00bb width=\u00a0\u00bb1\/2&Prime;]<div class=\"ult-spacer spacer-69e9ef17487af\" data-id=\"69e9ef17487af\" data-height=\"500\" data-height-mobile=\"200\" data-height-tab=\"\" data-height-tab-portrait=\"\" data-height-mobile-landscape=\"400\" style=\"clear:both;display:block;\"><\/div>[vc_custom_heading text=\u00a0\u00bbChristian Neuenschwander\u00a0\u00bb font_container=\u00a0\u00bbtag:p|text_align:center\u00a0\u00bb use_theme_fonts=\u00a0\u00bbyes\u00a0\u00bb css=\u00a0\u00bb%7B%22default%22%3A%7B%22color%22%3A%22%23ffffff%22%2C%22font-weight%22%3A%22700%22%2C%22font-size%22%3A%2245px%22%7D%2C%22tablets%22%3A%7B%22color%22%3A%22%23ffffff%22%2C%22font-weight%22%3A%22700%22%2C%22font-size%22%3A%2245px%22%7D%2C%22mobiles%22%3A%7B%22color%22%3A%22%23ffffff%22%2C%22font-weight%22%3A%22700%22%2C%22font-size%22%3A%2230px%22%7D%7D\u00a0\u00bb][vc_column_text css=\u00a0\u00bb%7B%22default%22%3A%7B%22font-size%22%3A%2222px%22%2C%22line-height%22%3A%2228px%22%7D%7D\u00a0\u00bb]<\/p>\n<h6 style=\"text-align: center;\"><span style=\"color: #000000; font-family: 'Amiri'; font-size: 30px;\"><span style=\"color: #ffffff;\">BrandPilot<\/span><\/span><\/h6>\n<p>[\/vc_column_text]<div class=\"ult-spacer spacer-69e9ef17487d8\" data-id=\"69e9ef17487d8\" data-height=\"200\" data-height-mobile=\"100\" data-height-tab=\"\" data-height-tab-portrait=\"\" data-height-mobile-landscape=\"100\" style=\"clear:both;display:block;\"><\/div>[\/vc_column][\/vc_row]<\/p>\n<\/div>","protected":false},"excerpt":{"rendered":"<p>[vc_row height=\u00a0\u00bbmedium\u00a0\u00bb full_height=\u00a0\u00bb1&Prime; v_align=\u00a0\u00bbbottom\u00a0\u00bb width=\u00a0\u00bb1&Prime; us_bg_image_source=\u00a0\u00bbmedia\u00a0\u00bb us_bg_image=\u00a0\u00bb12807&Prime; us_bg_repeat=\u00a0\u00bbno-repeat\u00a0\u00bb us_bg_parallax=\u00a0\u00bbvertical\u00a0\u00bb content_placement=\u00a0\u00bbbottom\u00a0\u00bb css=\u00a0\u00bb%7B%22default%22%3A%7B%22margin-top%22%3A%220px%22%2C%22padding-top%22%3A%220px%22%7D%7D\u00a0\u00bb el_id=\u00a0\u00bbintro-de-desk\u00a0\u00bb bg_type=\u00a0\u00bbbg_color\u00a0\u00bb ult_hide_row=\u00a0\u00bbult_hide_row_value\u00a0\u00bb ult_hide_row_tablet_small=\u00a0\u00bbxs_tablet\u00a0\u00bb ult_hide_row_mobile=\u00a0\u00bbmobile\u00a0\u00bb ult_hide_row_mobile_large=\u00a0\u00bbxl_mobile\u00a0\u00bb][vc_column css=\u00a0\u00bb%7B%22default%22%3A%7B%22margin-top%22%3A%220px%22%2C%22padding-top%22%3A%220px%22%7D%7D\u00a0\u00bb][\/vc_column][\/vc_row][vc_row height=\u00a0\u00bbmedium\u00a0\u00bb full_height=\u00a0\u00bb1&Prime; v_align=\u00a0\u00bbbottom\u00a0\u00bb width=\u00a0\u00bb1&Prime; us_bg_image_source=\u00a0\u00bbmedia\u00a0\u00bb us_bg_image=\u00a0\u00bb12810&Prime; us_bg_repeat=\u00a0\u00bbno-repeat\u00a0\u00bb content_placement=\u00a0\u00bbbottom\u00a0\u00bb<span class=\"excerpt-hellip\"> [\u2026]<\/span><\/p>\n","protected":false},"author":23,"featured_media":5178,"parent":0,"menu_order":5,"comment_status":"closed","ping_status":"closed","template":"","meta":{"footnotes":""},"yoast_head":"<!-- This site is optimized with the Yoast SEO plugin v22.8 - https:\/\/yoast.com\/wordpress\/plugins\/seo\/ -->\n<title>Les AlpenPioniere se montrent dans le domaine du chanvre - AlpenPionier<\/title>\n<meta name=\"description\" content=\"Qui sont les AlpenPioniere? Voici les visages des personnes qui ram\u00e8nent le chanvre alimentaire dans les assiettes suisses. \u261e Pour en savoir plus!\" \/>\n<meta name=\"robots\" content=\"noindex, follow, max-snippet:-1, max-image-preview:large, max-video-preview:-1\" \/>\n<meta property=\"og:locale\" content=\"fr_FR\" \/>\n<meta property=\"og:type\" content=\"article\" \/>\n<meta property=\"og:title\" content=\"Les AlpenPioniere se montrent dans le domaine du chanvre - AlpenPionier\" \/>\n<meta property=\"og:description\" content=\"Qui sont les AlpenPioniere? Voici les visages des personnes qui ram\u00e8nent le chanvre alimentaire dans les assiettes suisses. \u261e Pour en savoir plus!\" \/>\n<meta property=\"og:url\" content=\"https:\/\/dev1.alpenpionier.ch\/fr\/pionniers\/\" \/>\n<meta property=\"og:site_name\" content=\"AlpenPionier\" \/>\n<meta property=\"article:publisher\" content=\"https:\/\/www.facebook.com\/alpenpionier\/\" \/>\n<meta property=\"article:modified_time\" content=\"2023-01-20T09:06:51+00:00\" \/>\n<meta property=\"og:image\" content=\"https:\/\/dev1.alpenpionier.ch\/wp-content\/uploads\/ap_pioniere_banner_blau_pc.jpg\" \/>\n\t<meta property=\"og:image:width\" content=\"2399\" \/>\n\t<meta property=\"og:image:height\" content=\"1836\" \/>\n\t<meta property=\"og:image:type\" content=\"image\/jpeg\" \/>\n<meta name=\"twitter:card\" content=\"summary_large_image\" \/>\n<meta name=\"twitter:label1\" content=\"Dur\u00e9e de lecture estim\u00e9e\" \/>\n\t<meta name=\"twitter:data1\" content=\"3 minutes\" \/>\n<script type=\"application\/ld+json\" class=\"yoast-schema-graph\">{\"@context\":\"https:\/\/schema.org\",\"@graph\":[{\"@type\":\"WebPage\",\"@id\":\"https:\/\/dev1.alpenpionier.ch\/fr\/pionniers\/\",\"url\":\"https:\/\/dev1.alpenpionier.ch\/fr\/pionniers\/\",\"name\":\"Les AlpenPioniere se montrent dans le domaine du chanvre - AlpenPionier\",\"isPartOf\":{\"@id\":\"https:\/\/dev1.alpenpionier.ch\/fr\/#website\"},\"primaryImageOfPage\":{\"@id\":\"https:\/\/dev1.alpenpionier.ch\/fr\/pionniers\/#primaryimage\"},\"image\":{\"@id\":\"https:\/\/dev1.alpenpionier.ch\/fr\/pionniers\/#primaryimage\"},\"thumbnailUrl\":\"https:\/\/dev1.alpenpionier.ch\/wp-content\/uploads\/ap_pioniere_banner_blau_pc.jpg\",\"datePublished\":\"2020-09-21T10:13:43+00:00\",\"dateModified\":\"2023-01-20T09:06:51+00:00\",\"description\":\"Qui sont les AlpenPioniere? Voici les visages des personnes qui ram\u00e8nent le chanvre alimentaire dans les assiettes suisses. \u261e Pour en savoir plus!\",\"breadcrumb\":{\"@id\":\"https:\/\/dev1.alpenpionier.ch\/fr\/pionniers\/#breadcrumb\"},\"inLanguage\":\"fr-FR\",\"potentialAction\":[{\"@type\":\"ReadAction\",\"target\":[\"https:\/\/dev1.alpenpionier.ch\/fr\/pionniers\/\"]}]},{\"@type\":\"ImageObject\",\"inLanguage\":\"fr-FR\",\"@id\":\"https:\/\/dev1.alpenpionier.ch\/fr\/pionniers\/#primaryimage\",\"url\":\"https:\/\/dev1.alpenpionier.ch\/wp-content\/uploads\/ap_pioniere_banner_blau_pc.jpg\",\"contentUrl\":\"https:\/\/dev1.alpenpionier.ch\/wp-content\/uploads\/ap_pioniere_banner_blau_pc.jpg\",\"width\":2399,\"height\":1836,\"caption\":\"HanfPioniere von AlpenPionier\"},{\"@type\":\"BreadcrumbList\",\"@id\":\"https:\/\/dev1.alpenpionier.ch\/fr\/pionniers\/#breadcrumb\",\"itemListElement\":[{\"@type\":\"ListItem\",\"position\":1,\"name\":\"Startseite\",\"item\":\"https:\/\/dev1.alpenpionier.ch\/fr\/\"},{\"@type\":\"ListItem\",\"position\":2,\"name\":\"Pionniers\"}]},{\"@type\":\"WebSite\",\"@id\":\"https:\/\/dev1.alpenpionier.ch\/fr\/#website\",\"url\":\"https:\/\/dev1.alpenpionier.ch\/fr\/\",\"name\":\"AlpenPionier\",\"description\":\"Lebensmittelhanf von AlpenPionier\",\"potentialAction\":[{\"@type\":\"SearchAction\",\"target\":{\"@type\":\"EntryPoint\",\"urlTemplate\":\"https:\/\/dev1.alpenpionier.ch\/fr\/?s={search_term_string}\"},\"query-input\":\"required name=search_term_string\"}],\"inLanguage\":\"fr-FR\"}]}<\/script>\n<!-- \/ Yoast SEO plugin. -->","yoast_head_json":{"title":"Les AlpenPioniere se montrent dans le domaine du chanvre - AlpenPionier","description":"Qui sont les AlpenPioniere? Voici les visages des personnes qui ram\u00e8nent le chanvre alimentaire dans les assiettes suisses. \u261e Pour en savoir plus!","robots":{"index":"noindex","follow":"follow","max-snippet":"max-snippet:-1","max-image-preview":"max-image-preview:large","max-video-preview":"max-video-preview:-1"},"og_locale":"fr_FR","og_type":"article","og_title":"Les AlpenPioniere se montrent dans le domaine du chanvre - AlpenPionier","og_description":"Qui sont les AlpenPioniere? Voici les visages des personnes qui ram\u00e8nent le chanvre alimentaire dans les assiettes suisses. \u261e Pour en savoir plus!","og_url":"https:\/\/dev1.alpenpionier.ch\/fr\/pionniers\/","og_site_name":"AlpenPionier","article_publisher":"https:\/\/www.facebook.com\/alpenpionier\/","article_modified_time":"2023-01-20T09:06:51+00:00","og_image":[{"width":2399,"height":1836,"url":"https:\/\/dev1.alpenpionier.ch\/wp-content\/uploads\/ap_pioniere_banner_blau_pc.jpg","type":"image\/jpeg"}],"twitter_card":"summary_large_image","twitter_misc":{"Dur\u00e9e de lecture estim\u00e9e":"3 minutes"},"schema":{"@context":"https:\/\/schema.org","@graph":[{"@type":"WebPage","@id":"https:\/\/dev1.alpenpionier.ch\/fr\/pionniers\/","url":"https:\/\/dev1.alpenpionier.ch\/fr\/pionniers\/","name":"Les AlpenPioniere se montrent dans le domaine du chanvre - AlpenPionier","isPartOf":{"@id":"https:\/\/dev1.alpenpionier.ch\/fr\/#website"},"primaryImageOfPage":{"@id":"https:\/\/dev1.alpenpionier.ch\/fr\/pionniers\/#primaryimage"},"image":{"@id":"https:\/\/dev1.alpenpionier.ch\/fr\/pionniers\/#primaryimage"},"thumbnailUrl":"https:\/\/dev1.alpenpionier.ch\/wp-content\/uploads\/ap_pioniere_banner_blau_pc.jpg","datePublished":"2020-09-21T10:13:43+00:00","dateModified":"2023-01-20T09:06:51+00:00","description":"Qui sont les AlpenPioniere? Voici les visages des personnes qui ram\u00e8nent le chanvre alimentaire dans les assiettes suisses. \u261e Pour en savoir plus!","breadcrumb":{"@id":"https:\/\/dev1.alpenpionier.ch\/fr\/pionniers\/#breadcrumb"},"inLanguage":"fr-FR","potentialAction":[{"@type":"ReadAction","target":["https:\/\/dev1.alpenpionier.ch\/fr\/pionniers\/"]}]},{"@type":"ImageObject","inLanguage":"fr-FR","@id":"https:\/\/dev1.alpenpionier.ch\/fr\/pionniers\/#primaryimage","url":"https:\/\/dev1.alpenpionier.ch\/wp-content\/uploads\/ap_pioniere_banner_blau_pc.jpg","contentUrl":"https:\/\/dev1.alpenpionier.ch\/wp-content\/uploads\/ap_pioniere_banner_blau_pc.jpg","width":2399,"height":1836,"caption":"HanfPioniere von AlpenPionier"},{"@type":"BreadcrumbList","@id":"https:\/\/dev1.alpenpionier.ch\/fr\/pionniers\/#breadcrumb","itemListElement":[{"@type":"ListItem","position":1,"name":"Startseite","item":"https:\/\/dev1.alpenpionier.ch\/fr\/"},{"@type":"ListItem","position":2,"name":"Pionniers"}]},{"@type":"WebSite","@id":"https:\/\/dev1.alpenpionier.ch\/fr\/#website","url":"https:\/\/dev1.alpenpionier.ch\/fr\/","name":"AlpenPionier","description":"Lebensmittelhanf von AlpenPionier","potentialAction":[{"@type":"SearchAction","target":{"@type":"EntryPoint","urlTemplate":"https:\/\/dev1.alpenpionier.ch\/fr\/?s={search_term_string}"},"query-input":"required name=search_term_string"}],"inLanguage":"fr-FR"}]}},"_links":{"self":[{"href":"https:\/\/dev1.alpenpionier.ch\/fr\/wp-json\/wp\/v2\/pages\/7607"}],"collection":[{"href":"https:\/\/dev1.alpenpionier.ch\/fr\/wp-json\/wp\/v2\/pages"}],"about":[{"href":"https:\/\/dev1.alpenpionier.ch\/fr\/wp-json\/wp\/v2\/types\/page"}],"author":[{"embeddable":true,"href":"https:\/\/dev1.alpenpionier.ch\/fr\/wp-json\/wp\/v2\/users\/23"}],"replies":[{"embeddable":true,"href":"https:\/\/dev1.alpenpionier.ch\/fr\/wp-json\/wp\/v2\/comments?post=7607"}],"version-history":[{"count":23,"href":"https:\/\/dev1.alpenpionier.ch\/fr\/wp-json\/wp\/v2\/pages\/7607\/revisions"}],"predecessor-version":[{"id":17176,"href":"https:\/\/dev1.alpenpionier.ch\/fr\/wp-json\/wp\/v2\/pages\/7607\/revisions\/17176"}],"wp:featuredmedia":[{"embeddable":true,"href":"https:\/\/dev1.alpenpionier.ch\/fr\/wp-json\/wp\/v2\/media\/5178"}],"wp:attachment":[{"href":"https:\/\/dev1.alpenpionier.ch\/fr\/wp-json\/wp\/v2\/media?parent=7607"}],"curies":[{"name":"wp","href":"https:\/\/api.w.org\/{rel}","templated":true}]}}