{"id":11457,"date":"2021-06-01T14:07:15","date_gmt":"2021-06-01T12:07:16","guid":{"rendered":"https:\/\/dev1.alpenpionier.ch\/?post_type=product&#038;p=11457"},"modified":"2021-06-01T14:41:07","modified_gmt":"2021-06-01T12:41:07","slug":"graines-de-chanvre-1kg","status":"publish","type":"product","link":"https:\/\/dev1.alpenpionier.ch\/fr\/produkt\/graines-de-chanvre-1kg\/","title":{"rendered":"Graines de chanvre 1kg"},"content":{"rendered":"<p><strong>Nos graines de chanvre en grand conditionnement<\/strong> sont originaires de Suisse, exactement de Suisse romande et sont cultiv\u00e9es et transform\u00e9es selon des proc\u00e9d\u00e9s certifi\u00e9s <a href=\"https:\/\/www.bio-suisse.ch\/\" target=\"_blank\" rel=\"noopener noreferrer\">Bio-Suisse<\/a>. Ils sont un ingr\u00e9dient polyvalent dans la cuisine. Elles sont particuli\u00e8rement savoureuses lorsqu&rsquo;elles sont l\u00e9g\u00e8rement grill\u00e9es \u00e0 la po\u00eale ou au four.<\/p>\n","protected":false},"excerpt":{"rendered":"<p>Graines de chanvre est mon nom. Je suis un vrai musclor et je fournis 20 acides amin\u00e9s pr\u00e9cieux, desfibreset une charge concentr\u00e9e de prot\u00e9ines. J&rsquo;ai pass\u00e9 mon enfance dans les Alpes ensoleill\u00e9es et maintenant, en tant qu&rsquo;adulte, j&rsquo;ai beaucoup \u00e0 faire. Le matin, j&rsquo;aime rafra\u00eechir le muesli et le yaourt. A midi, j&rsquo;aide la salade sur les obstacles et si n\u00e9cessaire, je donne aussi le dernier coup de pied aux p\u00e2tes.<\/p>\n<p><strong>Paquet avec 1kg<\/strong><\/p>\n","protected":false},"featured_media":11567,"comment_status":"open","ping_status":"closed","template":"","meta":[],"product_cat":[52,83],"product_tag":[],"yoast_head":"<!-- This site is optimized with the Yoast SEO plugin v22.8 - https:\/\/yoast.com\/wordpress\/plugins\/seo\/ -->\n<title>Graines de chanvre 1kg - Bio &amp; Suisse - AlpenPionier<\/title>\n<meta name=\"description\" content=\"Graines de chanvre d&#039;AlpenPionier \u261e Les meilleures graines de chanvre suisse, qui sont cultiv\u00e9es et transform\u00e9es selon des m\u00e9thodes certifi\u00e9es par Bio-Suisse.\" \/>\n<meta name=\"robots\" content=\"noindex, follow, max-snippet:-1, max-image-preview:large, max-video-preview:-1\" \/>\n<meta property=\"og:locale\" content=\"fr_FR\" \/>\n<meta property=\"og:type\" content=\"article\" \/>\n<meta property=\"og:title\" content=\"Graines de chanvre 1kg - Bio &amp; Suisse - AlpenPionier\" \/>\n<meta property=\"og:description\" content=\"Graines de chanvre d&#039;AlpenPionier \u261e Les meilleures graines de chanvre suisse, qui sont cultiv\u00e9es et transform\u00e9es selon des m\u00e9thodes certifi\u00e9es par Bio-Suisse.\" \/>\n<meta property=\"og:url\" content=\"https:\/\/dev1.alpenpionier.ch\/fr\/produkt\/graines-de-chanvre-1kg\/\" \/>\n<meta property=\"og:site_name\" content=\"AlpenPionier\" \/>\n<meta property=\"article:publisher\" content=\"https:\/\/www.facebook.com\/alpenpionier\/\" \/>\n<meta property=\"article:modified_time\" content=\"2021-06-01T12:41:07+00:00\" \/>\n<meta property=\"og:image\" content=\"https:\/\/dev1.alpenpionier.ch\/wp-content\/uploads\/1kg-Verpackung-ECHT.jpg\" \/>\n\t<meta property=\"og:image:width\" content=\"850\" \/>\n\t<meta property=\"og:image:height\" content=\"850\" \/>\n\t<meta property=\"og:image:type\" content=\"image\/jpeg\" \/>\n<meta name=\"twitter:card\" content=\"summary_large_image\" \/>\n<meta name=\"twitter:label1\" content=\"Dur\u00e9e de lecture estim\u00e9e\" \/>\n\t<meta name=\"twitter:data1\" content=\"1 minute\" \/>\n<script type=\"application\/ld+json\" class=\"yoast-schema-graph\">{\"@context\":\"https:\/\/schema.org\",\"@graph\":[{\"@type\":\"WebPage\",\"@id\":\"https:\/\/dev1.alpenpionier.ch\/fr\/produkt\/graines-de-chanvre-1kg\/\",\"url\":\"https:\/\/dev1.alpenpionier.ch\/fr\/produkt\/graines-de-chanvre-1kg\/\",\"name\":\"Graines de chanvre 1kg - Bio & Suisse - AlpenPionier\",\"isPartOf\":{\"@id\":\"https:\/\/dev1.alpenpionier.ch\/fr\/#website\"},\"primaryImageOfPage\":{\"@id\":\"https:\/\/dev1.alpenpionier.ch\/fr\/produkt\/graines-de-chanvre-1kg\/#primaryimage\"},\"image\":{\"@id\":\"https:\/\/dev1.alpenpionier.ch\/fr\/produkt\/graines-de-chanvre-1kg\/#primaryimage\"},\"thumbnailUrl\":\"https:\/\/dev1.alpenpionier.ch\/wp-content\/uploads\/1kg-Verpackung-ECHT.jpg\",\"datePublished\":\"2021-06-01T12:07:16+00:00\",\"dateModified\":\"2021-06-01T12:41:07+00:00\",\"description\":\"Graines de chanvre d'AlpenPionier \u261e Les meilleures graines de chanvre suisse, qui sont cultiv\u00e9es et transform\u00e9es selon des m\u00e9thodes certifi\u00e9es par Bio-Suisse.\",\"breadcrumb\":{\"@id\":\"https:\/\/dev1.alpenpionier.ch\/fr\/produkt\/graines-de-chanvre-1kg\/#breadcrumb\"},\"inLanguage\":\"fr-FR\",\"potentialAction\":[{\"@type\":\"ReadAction\",\"target\":[\"https:\/\/dev1.alpenpionier.ch\/fr\/produkt\/graines-de-chanvre-1kg\/\"]}]},{\"@type\":\"ImageObject\",\"inLanguage\":\"fr-FR\",\"@id\":\"https:\/\/dev1.alpenpionier.ch\/fr\/produkt\/graines-de-chanvre-1kg\/#primaryimage\",\"url\":\"https:\/\/dev1.alpenpionier.ch\/wp-content\/uploads\/1kg-Verpackung-ECHT.jpg\",\"contentUrl\":\"https:\/\/dev1.alpenpionier.ch\/wp-content\/uploads\/1kg-Verpackung-ECHT.jpg\",\"width\":850,\"height\":850,\"caption\":\"Alimentaire au chanvre dans un emballage de 1 kg d'AlpenPionier Produits d' AlpenPionier en gros.\"},{\"@type\":\"BreadcrumbList\",\"@id\":\"https:\/\/dev1.alpenpionier.ch\/fr\/produkt\/graines-de-chanvre-1kg\/#breadcrumb\",\"itemListElement\":[{\"@type\":\"ListItem\",\"position\":1,\"name\":\"Startseite\",\"item\":\"https:\/\/dev1.alpenpionier.ch\/fr\/\"},{\"@type\":\"ListItem\",\"position\":2,\"name\":\"Shop\",\"item\":\"https:\/\/dev1.alpenpionier.ch\/fr\/shop-2\/\"},{\"@type\":\"ListItem\",\"position\":3,\"name\":\"Graines de chanvre 1kg\"}]},{\"@type\":\"WebSite\",\"@id\":\"https:\/\/dev1.alpenpionier.ch\/fr\/#website\",\"url\":\"https:\/\/dev1.alpenpionier.ch\/fr\/\",\"name\":\"AlpenPionier\",\"description\":\"Lebensmittelhanf von AlpenPionier\",\"potentialAction\":[{\"@type\":\"SearchAction\",\"target\":{\"@type\":\"EntryPoint\",\"urlTemplate\":\"https:\/\/dev1.alpenpionier.ch\/fr\/?s={search_term_string}\"},\"query-input\":\"required name=search_term_string\"}],\"inLanguage\":\"fr-FR\"}]}<\/script>\n<!-- \/ Yoast SEO plugin. -->","yoast_head_json":{"title":"Graines de chanvre 1kg - Bio & Suisse - AlpenPionier","description":"Graines de chanvre d'AlpenPionier \u261e Les meilleures graines de chanvre suisse, qui sont cultiv\u00e9es et transform\u00e9es selon des m\u00e9thodes certifi\u00e9es par Bio-Suisse.","robots":{"index":"noindex","follow":"follow","max-snippet":"max-snippet:-1","max-image-preview":"max-image-preview:large","max-video-preview":"max-video-preview:-1"},"og_locale":"fr_FR","og_type":"article","og_title":"Graines de chanvre 1kg - Bio & Suisse - AlpenPionier","og_description":"Graines de chanvre d'AlpenPionier \u261e Les meilleures graines de chanvre suisse, qui sont cultiv\u00e9es et transform\u00e9es selon des m\u00e9thodes certifi\u00e9es par Bio-Suisse.","og_url":"https:\/\/dev1.alpenpionier.ch\/fr\/produkt\/graines-de-chanvre-1kg\/","og_site_name":"AlpenPionier","article_publisher":"https:\/\/www.facebook.com\/alpenpionier\/","article_modified_time":"2021-06-01T12:41:07+00:00","og_image":[{"width":850,"height":850,"url":"https:\/\/dev1.alpenpionier.ch\/wp-content\/uploads\/1kg-Verpackung-ECHT.jpg","type":"image\/jpeg"}],"twitter_card":"summary_large_image","twitter_misc":{"Dur\u00e9e de lecture estim\u00e9e":"1 minute"},"schema":{"@context":"https:\/\/schema.org","@graph":[{"@type":"WebPage","@id":"https:\/\/dev1.alpenpionier.ch\/fr\/produkt\/graines-de-chanvre-1kg\/","url":"https:\/\/dev1.alpenpionier.ch\/fr\/produkt\/graines-de-chanvre-1kg\/","name":"Graines de chanvre 1kg - Bio & Suisse - AlpenPionier","isPartOf":{"@id":"https:\/\/dev1.alpenpionier.ch\/fr\/#website"},"primaryImageOfPage":{"@id":"https:\/\/dev1.alpenpionier.ch\/fr\/produkt\/graines-de-chanvre-1kg\/#primaryimage"},"image":{"@id":"https:\/\/dev1.alpenpionier.ch\/fr\/produkt\/graines-de-chanvre-1kg\/#primaryimage"},"thumbnailUrl":"https:\/\/dev1.alpenpionier.ch\/wp-content\/uploads\/1kg-Verpackung-ECHT.jpg","datePublished":"2021-06-01T12:07:16+00:00","dateModified":"2021-06-01T12:41:07+00:00","description":"Graines de chanvre d'AlpenPionier \u261e Les meilleures graines de chanvre suisse, qui sont cultiv\u00e9es et transform\u00e9es selon des m\u00e9thodes certifi\u00e9es par Bio-Suisse.","breadcrumb":{"@id":"https:\/\/dev1.alpenpionier.ch\/fr\/produkt\/graines-de-chanvre-1kg\/#breadcrumb"},"inLanguage":"fr-FR","potentialAction":[{"@type":"ReadAction","target":["https:\/\/dev1.alpenpionier.ch\/fr\/produkt\/graines-de-chanvre-1kg\/"]}]},{"@type":"ImageObject","inLanguage":"fr-FR","@id":"https:\/\/dev1.alpenpionier.ch\/fr\/produkt\/graines-de-chanvre-1kg\/#primaryimage","url":"https:\/\/dev1.alpenpionier.ch\/wp-content\/uploads\/1kg-Verpackung-ECHT.jpg","contentUrl":"https:\/\/dev1.alpenpionier.ch\/wp-content\/uploads\/1kg-Verpackung-ECHT.jpg","width":850,"height":850,"caption":"Alimentaire au chanvre dans un emballage de 1 kg d'AlpenPionier Produits d' AlpenPionier en gros."},{"@type":"BreadcrumbList","@id":"https:\/\/dev1.alpenpionier.ch\/fr\/produkt\/graines-de-chanvre-1kg\/#breadcrumb","itemListElement":[{"@type":"ListItem","position":1,"name":"Startseite","item":"https:\/\/dev1.alpenpionier.ch\/fr\/"},{"@type":"ListItem","position":2,"name":"Shop","item":"https:\/\/dev1.alpenpionier.ch\/fr\/shop-2\/"},{"@type":"ListItem","position":3,"name":"Graines de chanvre 1kg"}]},{"@type":"WebSite","@id":"https:\/\/dev1.alpenpionier.ch\/fr\/#website","url":"https:\/\/dev1.alpenpionier.ch\/fr\/","name":"AlpenPionier","description":"Lebensmittelhanf von AlpenPionier","potentialAction":[{"@type":"SearchAction","target":{"@type":"EntryPoint","urlTemplate":"https:\/\/dev1.alpenpionier.ch\/fr\/?s={search_term_string}"},"query-input":"required name=search_term_string"}],"inLanguage":"fr-FR"}]}},"_links":{"self":[{"href":"https:\/\/dev1.alpenpionier.ch\/fr\/wp-json\/wp\/v2\/product\/11457"}],"collection":[{"href":"https:\/\/dev1.alpenpionier.ch\/fr\/wp-json\/wp\/v2\/product"}],"about":[{"href":"https:\/\/dev1.alpenpionier.ch\/fr\/wp-json\/wp\/v2\/types\/product"}],"replies":[{"embeddable":true,"href":"https:\/\/dev1.alpenpionier.ch\/fr\/wp-json\/wp\/v2\/comments?post=11457"}],"wp:featuredmedia":[{"embeddable":true,"href":"https:\/\/dev1.alpenpionier.ch\/fr\/wp-json\/wp\/v2\/media\/11567"}],"wp:attachment":[{"href":"https:\/\/dev1.alpenpionier.ch\/fr\/wp-json\/wp\/v2\/media?parent=11457"}],"wp:term":[{"taxonomy":"product_cat","embeddable":true,"href":"https:\/\/dev1.alpenpionier.ch\/fr\/wp-json\/wp\/v2\/product_cat?post=11457"},{"taxonomy":"product_tag","embeddable":true,"href":"https:\/\/dev1.alpenpionier.ch\/fr\/wp-json\/wp\/v2\/product_tag?post=11457"}],"curies":[{"name":"wp","href":"https:\/\/api.w.org\/{rel}","templated":true}]}}