{"id":11574,"date":"2021-06-14T08:44:54","date_gmt":"2021-06-14T11:25:10","guid":{"rendered":"https:\/\/dev1.alpenpionier.ch\/produkt\/the-froid-au-chanvre\/"},"modified":"2022-04-08T11:51:42","modified_gmt":"2022-04-08T09:51:42","slug":"the-froid-au-chanvre","status":"publish","type":"product","link":"https:\/\/dev1.alpenpionier.ch\/fr\/produkt\/the-froid-au-chanvre\/","title":{"rendered":"Th\u00e9 froid au chanvre"},"content":{"rendered":"<p>Pour notre th\u00e9 froid au chanvre, nous brassons soigneusement et \u00e0 la temp\u00e9rature optimale <a href=\"https:\/\/dev1.alpenpionier.ch\/produkt\/hanftee\/\">des feuilles de chanvre bio suisse s\u00e9ch\u00e9es.<\/a> On ajoute un peu de sucre et quelques gouttes d&rsquo;acide citrique \u00e0 l&rsquo;infusion, c&rsquo;est que se d\u00e9ploie vraiment \u00e0 la note typique du chanvre. Pour les chaudes journ\u00e9es d&rsquo;\u00e9t\u00e9: Il rafra\u00eechit le corps et l&rsquo;\u00e2me.<\/p>\n","protected":false},"excerpt":{"rendered":"<p><strong>Th\u00e9 froid au chanvre, tradition glaciale!<\/strong> Au dernier mill\u00e9naire, nos anc\u00eatres fabriquaient un th\u00e9 aromatique \u00e0 partir de feuilles de chanvre apr\u00e8s un dur labeur. Quand il s&rsquo;est refroidi, ils l&rsquo;ont m\u00e9lang\u00e9 avec de l&rsquo;eau de source fra\u00eeche de la montagne. Nous avons recr\u00e9\u00e9 ce th\u00e9 froid au chanvre avec les meilleurs ingr\u00e9dients et l&rsquo;avons mis sur l&rsquo;\u00e9tag\u00e8re dans votre \u00e9picerie. La boisson rafra\u00eechissante de tradition pour l&rsquo;\u00e9t\u00e9!<\/p>\n<p><strong>50 cl<\/strong><\/p>\n","protected":false},"featured_media":11552,"comment_status":"closed","ping_status":"closed","template":"","meta":[],"product_cat":[52,84],"product_tag":[],"yoast_head":"<!-- This site is optimized with the Yoast SEO plugin v22.8 - https:\/\/yoast.com\/wordpress\/plugins\/seo\/ -->\n<title>Th\u00e9 froid au chanvre le rafra\u00eechissement des feuilles de chanvre bio suisse | AlpenPionier<\/title>\n<meta name=\"description\" content=\"Th\u00e9 froid au chanvre d&#039;AlpenPionier \u261e Les meilleures feuilles de chanvre bio de la Suisse, d\u00e9licatement infus\u00e9es. Rafra\u00eechit le corps et l&#039;\u00e2me!\" \/>\n<meta name=\"robots\" content=\"noindex, follow, max-snippet:-1, max-image-preview:large, max-video-preview:-1\" \/>\n<meta property=\"og:locale\" content=\"fr_FR\" \/>\n<meta property=\"og:type\" content=\"article\" \/>\n<meta property=\"og:title\" content=\"Th\u00e9 froid au chanvre le rafra\u00eechissement des feuilles de chanvre bio suisse | AlpenPionier\" \/>\n<meta property=\"og:description\" content=\"Th\u00e9 froid au chanvre d&#039;AlpenPionier \u261e Les meilleures feuilles de chanvre bio de la Suisse, d\u00e9licatement infus\u00e9es. Rafra\u00eechit le corps et l&#039;\u00e2me!\" \/>\n<meta property=\"og:url\" content=\"https:\/\/dev1.alpenpionier.ch\/fr\/produkt\/the-froid-au-chanvre\/\" \/>\n<meta property=\"og:site_name\" content=\"AlpenPionier\" \/>\n<meta property=\"article:publisher\" content=\"https:\/\/www.facebook.com\/alpenpionier\/\" \/>\n<meta property=\"article:modified_time\" content=\"2022-04-08T09:51:42+00:00\" \/>\n<meta property=\"og:image\" content=\"https:\/\/dev1.alpenpionier.ch\/wp-content\/uploads\/HanfEistee.jpg\" \/>\n\t<meta property=\"og:image:width\" content=\"850\" \/>\n\t<meta property=\"og:image:height\" content=\"850\" \/>\n\t<meta property=\"og:image:type\" content=\"image\/jpeg\" \/>\n<meta name=\"twitter:card\" content=\"summary_large_image\" \/>\n<script type=\"application\/ld+json\" class=\"yoast-schema-graph\">{\"@context\":\"https:\/\/schema.org\",\"@graph\":[{\"@type\":\"WebPage\",\"@id\":\"https:\/\/dev1.alpenpionier.ch\/fr\/produkt\/the-froid-au-chanvre\/\",\"url\":\"https:\/\/dev1.alpenpionier.ch\/fr\/produkt\/the-froid-au-chanvre\/\",\"name\":\"Th\u00e9 froid au chanvre le rafra\u00eechissement des feuilles de chanvre bio suisse | AlpenPionier\",\"isPartOf\":{\"@id\":\"https:\/\/dev1.alpenpionier.ch\/fr\/#website\"},\"primaryImageOfPage\":{\"@id\":\"https:\/\/dev1.alpenpionier.ch\/fr\/produkt\/the-froid-au-chanvre\/#primaryimage\"},\"image\":{\"@id\":\"https:\/\/dev1.alpenpionier.ch\/fr\/produkt\/the-froid-au-chanvre\/#primaryimage\"},\"thumbnailUrl\":\"https:\/\/dev1.alpenpionier.ch\/wp-content\/uploads\/HanfEistee.jpg\",\"datePublished\":\"2021-06-14T11:25:10+00:00\",\"dateModified\":\"2022-04-08T09:51:42+00:00\",\"description\":\"Th\u00e9 froid au chanvre d'AlpenPionier \u261e Les meilleures feuilles de chanvre bio de la Suisse, d\u00e9licatement infus\u00e9es. Rafra\u00eechit le corps et l'\u00e2me!\",\"breadcrumb\":{\"@id\":\"https:\/\/dev1.alpenpionier.ch\/fr\/produkt\/the-froid-au-chanvre\/#breadcrumb\"},\"inLanguage\":\"fr-FR\",\"potentialAction\":[{\"@type\":\"ReadAction\",\"target\":[\"https:\/\/dev1.alpenpionier.ch\/fr\/produkt\/the-froid-au-chanvre\/\"]}]},{\"@type\":\"ImageObject\",\"inLanguage\":\"fr-FR\",\"@id\":\"https:\/\/dev1.alpenpionier.ch\/fr\/produkt\/the-froid-au-chanvre\/#primaryimage\",\"url\":\"https:\/\/dev1.alpenpionier.ch\/wp-content\/uploads\/HanfEistee.jpg\",\"contentUrl\":\"https:\/\/dev1.alpenpionier.ch\/wp-content\/uploads\/HanfEistee.jpg\",\"width\":850,\"height\":850,\"caption\":\"Th\u00e9 froid au chanvre bio \u00e0 base de feuilles de chanvre suisse d'AlpenPionier. Dans la bouteille pratique de 50cl.\"},{\"@type\":\"BreadcrumbList\",\"@id\":\"https:\/\/dev1.alpenpionier.ch\/fr\/produkt\/the-froid-au-chanvre\/#breadcrumb\",\"itemListElement\":[{\"@type\":\"ListItem\",\"position\":1,\"name\":\"Startseite\",\"item\":\"https:\/\/dev1.alpenpionier.ch\/fr\/\"},{\"@type\":\"ListItem\",\"position\":2,\"name\":\"Shop\",\"item\":\"https:\/\/dev1.alpenpionier.ch\/fr\/shop-2\/\"},{\"@type\":\"ListItem\",\"position\":3,\"name\":\"Th\u00e9 froid au chanvre\"}]},{\"@type\":\"WebSite\",\"@id\":\"https:\/\/dev1.alpenpionier.ch\/fr\/#website\",\"url\":\"https:\/\/dev1.alpenpionier.ch\/fr\/\",\"name\":\"AlpenPionier\",\"description\":\"Lebensmittelhanf von AlpenPionier\",\"potentialAction\":[{\"@type\":\"SearchAction\",\"target\":{\"@type\":\"EntryPoint\",\"urlTemplate\":\"https:\/\/dev1.alpenpionier.ch\/fr\/?s={search_term_string}\"},\"query-input\":\"required name=search_term_string\"}],\"inLanguage\":\"fr-FR\"}]}<\/script>\n<!-- \/ Yoast SEO plugin. -->","yoast_head_json":{"title":"Th\u00e9 froid au chanvre le rafra\u00eechissement des feuilles de chanvre bio suisse | AlpenPionier","description":"Th\u00e9 froid au chanvre d'AlpenPionier \u261e Les meilleures feuilles de chanvre bio de la Suisse, d\u00e9licatement infus\u00e9es. Rafra\u00eechit le corps et l'\u00e2me!","robots":{"index":"noindex","follow":"follow","max-snippet":"max-snippet:-1","max-image-preview":"max-image-preview:large","max-video-preview":"max-video-preview:-1"},"og_locale":"fr_FR","og_type":"article","og_title":"Th\u00e9 froid au chanvre le rafra\u00eechissement des feuilles de chanvre bio suisse | AlpenPionier","og_description":"Th\u00e9 froid au chanvre d'AlpenPionier \u261e Les meilleures feuilles de chanvre bio de la Suisse, d\u00e9licatement infus\u00e9es. Rafra\u00eechit le corps et l'\u00e2me!","og_url":"https:\/\/dev1.alpenpionier.ch\/fr\/produkt\/the-froid-au-chanvre\/","og_site_name":"AlpenPionier","article_publisher":"https:\/\/www.facebook.com\/alpenpionier\/","article_modified_time":"2022-04-08T09:51:42+00:00","og_image":[{"width":850,"height":850,"url":"https:\/\/dev1.alpenpionier.ch\/wp-content\/uploads\/HanfEistee.jpg","type":"image\/jpeg"}],"twitter_card":"summary_large_image","schema":{"@context":"https:\/\/schema.org","@graph":[{"@type":"WebPage","@id":"https:\/\/dev1.alpenpionier.ch\/fr\/produkt\/the-froid-au-chanvre\/","url":"https:\/\/dev1.alpenpionier.ch\/fr\/produkt\/the-froid-au-chanvre\/","name":"Th\u00e9 froid au chanvre le rafra\u00eechissement des feuilles de chanvre bio suisse | AlpenPionier","isPartOf":{"@id":"https:\/\/dev1.alpenpionier.ch\/fr\/#website"},"primaryImageOfPage":{"@id":"https:\/\/dev1.alpenpionier.ch\/fr\/produkt\/the-froid-au-chanvre\/#primaryimage"},"image":{"@id":"https:\/\/dev1.alpenpionier.ch\/fr\/produkt\/the-froid-au-chanvre\/#primaryimage"},"thumbnailUrl":"https:\/\/dev1.alpenpionier.ch\/wp-content\/uploads\/HanfEistee.jpg","datePublished":"2021-06-14T11:25:10+00:00","dateModified":"2022-04-08T09:51:42+00:00","description":"Th\u00e9 froid au chanvre d'AlpenPionier \u261e Les meilleures feuilles de chanvre bio de la Suisse, d\u00e9licatement infus\u00e9es. Rafra\u00eechit le corps et l'\u00e2me!","breadcrumb":{"@id":"https:\/\/dev1.alpenpionier.ch\/fr\/produkt\/the-froid-au-chanvre\/#breadcrumb"},"inLanguage":"fr-FR","potentialAction":[{"@type":"ReadAction","target":["https:\/\/dev1.alpenpionier.ch\/fr\/produkt\/the-froid-au-chanvre\/"]}]},{"@type":"ImageObject","inLanguage":"fr-FR","@id":"https:\/\/dev1.alpenpionier.ch\/fr\/produkt\/the-froid-au-chanvre\/#primaryimage","url":"https:\/\/dev1.alpenpionier.ch\/wp-content\/uploads\/HanfEistee.jpg","contentUrl":"https:\/\/dev1.alpenpionier.ch\/wp-content\/uploads\/HanfEistee.jpg","width":850,"height":850,"caption":"Th\u00e9 froid au chanvre bio \u00e0 base de feuilles de chanvre suisse d'AlpenPionier. Dans la bouteille pratique de 50cl."},{"@type":"BreadcrumbList","@id":"https:\/\/dev1.alpenpionier.ch\/fr\/produkt\/the-froid-au-chanvre\/#breadcrumb","itemListElement":[{"@type":"ListItem","position":1,"name":"Startseite","item":"https:\/\/dev1.alpenpionier.ch\/fr\/"},{"@type":"ListItem","position":2,"name":"Shop","item":"https:\/\/dev1.alpenpionier.ch\/fr\/shop-2\/"},{"@type":"ListItem","position":3,"name":"Th\u00e9 froid au chanvre"}]},{"@type":"WebSite","@id":"https:\/\/dev1.alpenpionier.ch\/fr\/#website","url":"https:\/\/dev1.alpenpionier.ch\/fr\/","name":"AlpenPionier","description":"Lebensmittelhanf von AlpenPionier","potentialAction":[{"@type":"SearchAction","target":{"@type":"EntryPoint","urlTemplate":"https:\/\/dev1.alpenpionier.ch\/fr\/?s={search_term_string}"},"query-input":"required name=search_term_string"}],"inLanguage":"fr-FR"}]}},"_links":{"self":[{"href":"https:\/\/dev1.alpenpionier.ch\/fr\/wp-json\/wp\/v2\/product\/11574"}],"collection":[{"href":"https:\/\/dev1.alpenpionier.ch\/fr\/wp-json\/wp\/v2\/product"}],"about":[{"href":"https:\/\/dev1.alpenpionier.ch\/fr\/wp-json\/wp\/v2\/types\/product"}],"replies":[{"embeddable":true,"href":"https:\/\/dev1.alpenpionier.ch\/fr\/wp-json\/wp\/v2\/comments?post=11574"}],"wp:featuredmedia":[{"embeddable":true,"href":"https:\/\/dev1.alpenpionier.ch\/fr\/wp-json\/wp\/v2\/media\/11552"}],"wp:attachment":[{"href":"https:\/\/dev1.alpenpionier.ch\/fr\/wp-json\/wp\/v2\/media?parent=11574"}],"wp:term":[{"taxonomy":"product_cat","embeddable":true,"href":"https:\/\/dev1.alpenpionier.ch\/fr\/wp-json\/wp\/v2\/product_cat?post=11574"},{"taxonomy":"product_tag","embeddable":true,"href":"https:\/\/dev1.alpenpionier.ch\/fr\/wp-json\/wp\/v2\/product_tag?post=11574"}],"curies":[{"name":"wp","href":"https:\/\/api.w.org\/{rel}","templated":true}]}}