{"id":12484,"date":"2021-11-01T12:02:43","date_gmt":"2021-11-01T11:02:44","guid":{"rendered":"https:\/\/dev1.alpenpionier.ch\/?post_type=product&#038;p=12484"},"modified":"2023-02-06T22:52:07","modified_gmt":"2023-02-06T21:52:07","slug":"nourriture-pour-oiseaux-1kg","status":"publish","type":"product","link":"https:\/\/dev1.alpenpionier.ch\/fr\/produkt\/nourriture-pour-oiseaux-1kg\/","title":{"rendered":"Nourriture pour oiseaux 1kg"},"content":{"rendered":"<p>Nos graines pour oiseaux sont en fait destin\u00e9es aux animaux de jardin volants. Lors du traitement de nos graines de chanvre, il y a toujours une certaine quantit\u00e9 de sous-produits qui contiennent d&rsquo;autres graines et amandes. Le m\u00e9lange ne doit pas \u00eatre utilis\u00e9 comme aliment, mais comme aliment d&rsquo;hiver nutritif pour les oiseaux. Beaucoup trop beau pour finir dans l&rsquo;usine de biogaz. Cela rend encore plus amusant de nourrir les artistes volants dans le jardin. Ici aussi, en qualit\u00e9 bio grisonne.<\/p>\n<p><a href=\"https:\/\/www.srf.ch\/sendungen\/me-biodiversitaet\/dos-und-don-ts-fuer-eine-artgerechte-fuetterung\" target=\"_blank\" rel=\"noopener\"><strong>Plus d&rsquo;informations sur l&rsquo;alimentation des oiseaux -&gt;<\/strong><\/a><\/p>\n","protected":false},"excerpt":{"rendered":"<p>Le dernier coup des pionniers. Des graines pour les oiseaux! En fait, de la nourriture pour les amateurs d&rsquo;air qui recherchent \u00e9galement des graines nutritives en automne et en hiver. C&rsquo;est l\u00e0 que nos rejets de la production alimentaire en tant que produit anti-gaspillage prennent tout leur sens. Beaucoup trop beau pour finir dans l&rsquo;usine de biogaz. <a href=\"https:\/\/www.srf.ch\/sendungen\/me-biodiversitaet\/dos-und-don-ts-fuer-eine-artgerechte-fuetterung\" target=\"_blank\" rel=\"noopener\">Cela rend encore plus amusant de nourrir les artistes volants dans le jardin<\/a>. 100% bio et 100% Suisse!<\/p>\n<p><strong>Paquet avec 1kg<\/strong><\/p>\n","protected":false},"featured_media":12500,"comment_status":"open","ping_status":"closed","template":"","meta":[],"product_cat":[90],"product_tag":[],"yoast_head":"<!-- This site is optimized with the Yoast SEO plugin v22.8 - https:\/\/yoast.com\/wordpress\/plugins\/seo\/ -->\n<title>Nourriture pour oiseaux 1kg - Bio &amp; Suisse - AlpenPionier<\/title>\n<meta name=\"description\" content=\"Nourriture pour oiseaux d&#039;AlpenPionier \u261e Les meilleures graines et amandes de chanvre de Suisse orientale, comme nourriture toute l&#039;ann\u00e9e pour les oiseaux sauvages. D\u00e9couvrez en ligne maintenant!\" \/>\n<meta name=\"robots\" content=\"noindex, follow, max-snippet:-1, max-image-preview:large, max-video-preview:-1\" \/>\n<meta property=\"og:locale\" content=\"fr_FR\" \/>\n<meta property=\"og:type\" content=\"article\" \/>\n<meta property=\"og:title\" content=\"Nourriture pour oiseaux 1kg - Bio &amp; Suisse - AlpenPionier\" \/>\n<meta property=\"og:description\" content=\"Nourriture pour oiseaux d&#039;AlpenPionier \u261e Les meilleures graines et amandes de chanvre de Suisse orientale, comme nourriture toute l&#039;ann\u00e9e pour les oiseaux sauvages. D\u00e9couvrez en ligne maintenant!\" \/>\n<meta property=\"og:url\" content=\"https:\/\/dev1.alpenpionier.ch\/fr\/produkt\/nourriture-pour-oiseaux-1kg\/\" \/>\n<meta property=\"og:site_name\" content=\"AlpenPionier\" \/>\n<meta property=\"article:publisher\" content=\"https:\/\/www.facebook.com\/alpenpionier\/\" \/>\n<meta property=\"article:modified_time\" content=\"2023-02-06T21:52:07+00:00\" \/>\n<meta property=\"og:image\" content=\"https:\/\/dev1.alpenpionier.ch\/wp-content\/uploads\/Vogelfutter-Front-e1636028390325.jpg\" \/>\n\t<meta property=\"og:image:width\" content=\"2877\" \/>\n\t<meta property=\"og:image:height\" content=\"3900\" \/>\n\t<meta property=\"og:image:type\" content=\"image\/jpeg\" \/>\n<meta name=\"twitter:card\" content=\"summary_large_image\" \/>\n<meta name=\"twitter:label1\" content=\"Dur\u00e9e de lecture estim\u00e9e\" \/>\n\t<meta name=\"twitter:data1\" content=\"1 minute\" \/>\n<script type=\"application\/ld+json\" class=\"yoast-schema-graph\">{\"@context\":\"https:\/\/schema.org\",\"@graph\":[{\"@type\":\"WebPage\",\"@id\":\"https:\/\/dev1.alpenpionier.ch\/fr\/produkt\/nourriture-pour-oiseaux-1kg\/\",\"url\":\"https:\/\/dev1.alpenpionier.ch\/fr\/produkt\/nourriture-pour-oiseaux-1kg\/\",\"name\":\"Nourriture pour oiseaux 1kg - Bio & Suisse - AlpenPionier\",\"isPartOf\":{\"@id\":\"https:\/\/dev1.alpenpionier.ch\/fr\/#website\"},\"primaryImageOfPage\":{\"@id\":\"https:\/\/dev1.alpenpionier.ch\/fr\/produkt\/nourriture-pour-oiseaux-1kg\/#primaryimage\"},\"image\":{\"@id\":\"https:\/\/dev1.alpenpionier.ch\/fr\/produkt\/nourriture-pour-oiseaux-1kg\/#primaryimage\"},\"thumbnailUrl\":\"https:\/\/dev1.alpenpionier.ch\/wp-content\/uploads\/Vogelfutter-Front-e1636028390325.jpg\",\"datePublished\":\"2021-11-01T11:02:44+00:00\",\"dateModified\":\"2023-02-06T21:52:07+00:00\",\"description\":\"Nourriture pour oiseaux d'AlpenPionier \u261e Les meilleures graines et amandes de chanvre de Suisse orientale, comme nourriture toute l'ann\u00e9e pour les oiseaux sauvages. D\u00e9couvrez en ligne maintenant!\",\"breadcrumb\":{\"@id\":\"https:\/\/dev1.alpenpionier.ch\/fr\/produkt\/nourriture-pour-oiseaux-1kg\/#breadcrumb\"},\"inLanguage\":\"fr-FR\",\"potentialAction\":[{\"@type\":\"ReadAction\",\"target\":[\"https:\/\/dev1.alpenpionier.ch\/fr\/produkt\/nourriture-pour-oiseaux-1kg\/\"]}]},{\"@type\":\"ImageObject\",\"inLanguage\":\"fr-FR\",\"@id\":\"https:\/\/dev1.alpenpionier.ch\/fr\/produkt\/nourriture-pour-oiseaux-1kg\/#primaryimage\",\"url\":\"https:\/\/dev1.alpenpionier.ch\/wp-content\/uploads\/Vogelfutter-Front-e1636028390325.jpg\",\"contentUrl\":\"https:\/\/dev1.alpenpionier.ch\/wp-content\/uploads\/Vogelfutter-Front-e1636028390325.jpg\",\"width\":850,\"height\":1152,\"caption\":\"V\u00f6gel f\u00fcttern mit dem Hanfsamenmix als Vogelfutter von AlpenPionier\"},{\"@type\":\"BreadcrumbList\",\"@id\":\"https:\/\/dev1.alpenpionier.ch\/fr\/produkt\/nourriture-pour-oiseaux-1kg\/#breadcrumb\",\"itemListElement\":[{\"@type\":\"ListItem\",\"position\":1,\"name\":\"Startseite\",\"item\":\"https:\/\/dev1.alpenpionier.ch\/fr\/\"},{\"@type\":\"ListItem\",\"position\":2,\"name\":\"Shop\",\"item\":\"https:\/\/dev1.alpenpionier.ch\/fr\/shop-2\/\"},{\"@type\":\"ListItem\",\"position\":3,\"name\":\"Nourriture pour oiseaux 1kg\"}]},{\"@type\":\"WebSite\",\"@id\":\"https:\/\/dev1.alpenpionier.ch\/fr\/#website\",\"url\":\"https:\/\/dev1.alpenpionier.ch\/fr\/\",\"name\":\"AlpenPionier\",\"description\":\"Lebensmittelhanf von AlpenPionier\",\"potentialAction\":[{\"@type\":\"SearchAction\",\"target\":{\"@type\":\"EntryPoint\",\"urlTemplate\":\"https:\/\/dev1.alpenpionier.ch\/fr\/?s={search_term_string}\"},\"query-input\":\"required name=search_term_string\"}],\"inLanguage\":\"fr-FR\"}]}<\/script>\n<!-- \/ Yoast SEO plugin. -->","yoast_head_json":{"title":"Nourriture pour oiseaux 1kg - Bio & Suisse - AlpenPionier","description":"Nourriture pour oiseaux d'AlpenPionier \u261e Les meilleures graines et amandes de chanvre de Suisse orientale, comme nourriture toute l'ann\u00e9e pour les oiseaux sauvages. D\u00e9couvrez en ligne maintenant!","robots":{"index":"noindex","follow":"follow","max-snippet":"max-snippet:-1","max-image-preview":"max-image-preview:large","max-video-preview":"max-video-preview:-1"},"og_locale":"fr_FR","og_type":"article","og_title":"Nourriture pour oiseaux 1kg - Bio & Suisse - AlpenPionier","og_description":"Nourriture pour oiseaux d'AlpenPionier \u261e Les meilleures graines et amandes de chanvre de Suisse orientale, comme nourriture toute l'ann\u00e9e pour les oiseaux sauvages. D\u00e9couvrez en ligne maintenant!","og_url":"https:\/\/dev1.alpenpionier.ch\/fr\/produkt\/nourriture-pour-oiseaux-1kg\/","og_site_name":"AlpenPionier","article_publisher":"https:\/\/www.facebook.com\/alpenpionier\/","article_modified_time":"2023-02-06T21:52:07+00:00","og_image":[{"width":2877,"height":3900,"url":"https:\/\/dev1.alpenpionier.ch\/wp-content\/uploads\/Vogelfutter-Front-e1636028390325.jpg","type":"image\/jpeg"}],"twitter_card":"summary_large_image","twitter_misc":{"Dur\u00e9e de lecture estim\u00e9e":"1 minute"},"schema":{"@context":"https:\/\/schema.org","@graph":[{"@type":"WebPage","@id":"https:\/\/dev1.alpenpionier.ch\/fr\/produkt\/nourriture-pour-oiseaux-1kg\/","url":"https:\/\/dev1.alpenpionier.ch\/fr\/produkt\/nourriture-pour-oiseaux-1kg\/","name":"Nourriture pour oiseaux 1kg - Bio & Suisse - AlpenPionier","isPartOf":{"@id":"https:\/\/dev1.alpenpionier.ch\/fr\/#website"},"primaryImageOfPage":{"@id":"https:\/\/dev1.alpenpionier.ch\/fr\/produkt\/nourriture-pour-oiseaux-1kg\/#primaryimage"},"image":{"@id":"https:\/\/dev1.alpenpionier.ch\/fr\/produkt\/nourriture-pour-oiseaux-1kg\/#primaryimage"},"thumbnailUrl":"https:\/\/dev1.alpenpionier.ch\/wp-content\/uploads\/Vogelfutter-Front-e1636028390325.jpg","datePublished":"2021-11-01T11:02:44+00:00","dateModified":"2023-02-06T21:52:07+00:00","description":"Nourriture pour oiseaux d'AlpenPionier \u261e Les meilleures graines et amandes de chanvre de Suisse orientale, comme nourriture toute l'ann\u00e9e pour les oiseaux sauvages. D\u00e9couvrez en ligne maintenant!","breadcrumb":{"@id":"https:\/\/dev1.alpenpionier.ch\/fr\/produkt\/nourriture-pour-oiseaux-1kg\/#breadcrumb"},"inLanguage":"fr-FR","potentialAction":[{"@type":"ReadAction","target":["https:\/\/dev1.alpenpionier.ch\/fr\/produkt\/nourriture-pour-oiseaux-1kg\/"]}]},{"@type":"ImageObject","inLanguage":"fr-FR","@id":"https:\/\/dev1.alpenpionier.ch\/fr\/produkt\/nourriture-pour-oiseaux-1kg\/#primaryimage","url":"https:\/\/dev1.alpenpionier.ch\/wp-content\/uploads\/Vogelfutter-Front-e1636028390325.jpg","contentUrl":"https:\/\/dev1.alpenpionier.ch\/wp-content\/uploads\/Vogelfutter-Front-e1636028390325.jpg","width":850,"height":1152,"caption":"V\u00f6gel f\u00fcttern mit dem Hanfsamenmix als Vogelfutter von AlpenPionier"},{"@type":"BreadcrumbList","@id":"https:\/\/dev1.alpenpionier.ch\/fr\/produkt\/nourriture-pour-oiseaux-1kg\/#breadcrumb","itemListElement":[{"@type":"ListItem","position":1,"name":"Startseite","item":"https:\/\/dev1.alpenpionier.ch\/fr\/"},{"@type":"ListItem","position":2,"name":"Shop","item":"https:\/\/dev1.alpenpionier.ch\/fr\/shop-2\/"},{"@type":"ListItem","position":3,"name":"Nourriture pour oiseaux 1kg"}]},{"@type":"WebSite","@id":"https:\/\/dev1.alpenpionier.ch\/fr\/#website","url":"https:\/\/dev1.alpenpionier.ch\/fr\/","name":"AlpenPionier","description":"Lebensmittelhanf von AlpenPionier","potentialAction":[{"@type":"SearchAction","target":{"@type":"EntryPoint","urlTemplate":"https:\/\/dev1.alpenpionier.ch\/fr\/?s={search_term_string}"},"query-input":"required name=search_term_string"}],"inLanguage":"fr-FR"}]}},"_links":{"self":[{"href":"https:\/\/dev1.alpenpionier.ch\/fr\/wp-json\/wp\/v2\/product\/12484"}],"collection":[{"href":"https:\/\/dev1.alpenpionier.ch\/fr\/wp-json\/wp\/v2\/product"}],"about":[{"href":"https:\/\/dev1.alpenpionier.ch\/fr\/wp-json\/wp\/v2\/types\/product"}],"replies":[{"embeddable":true,"href":"https:\/\/dev1.alpenpionier.ch\/fr\/wp-json\/wp\/v2\/comments?post=12484"}],"wp:featuredmedia":[{"embeddable":true,"href":"https:\/\/dev1.alpenpionier.ch\/fr\/wp-json\/wp\/v2\/media\/12500"}],"wp:attachment":[{"href":"https:\/\/dev1.alpenpionier.ch\/fr\/wp-json\/wp\/v2\/media?parent=12484"}],"wp:term":[{"taxonomy":"product_cat","embeddable":true,"href":"https:\/\/dev1.alpenpionier.ch\/fr\/wp-json\/wp\/v2\/product_cat?post=12484"},{"taxonomy":"product_tag","embeddable":true,"href":"https:\/\/dev1.alpenpionier.ch\/fr\/wp-json\/wp\/v2\/product_tag?post=12484"}],"curies":[{"name":"wp","href":"https:\/\/api.w.org\/{rel}","templated":true}]}}