{"id":14164,"date":"2022-04-08T12:07:53","date_gmt":"2022-04-08T10:07:54","guid":{"rendered":"https:\/\/dev1.alpenpionier.ch\/?post_type=product&#038;p=14164"},"modified":"2022-05-11T08:16:54","modified_gmt":"2022-05-11T06:16:54","slug":"chanvriere","status":"publish","type":"product","link":"https:\/\/dev1.alpenpionier.ch\/fr\/produkt\/chanvriere\/","title":{"rendered":"Chanvri\u00e8re"},"content":{"rendered":"<p>Nos noix de chanvre grill\u00e9es et sal\u00e9es dans le shaker \u00e0 chanvre pratique sont grill\u00e9es et sal\u00e9es \u00e0 partir de <a href=\"\/produkt\/hanfnuesse\/\" target=\"_blank\" rel=\"noopener noreferrer\">nos noix de chanvre suisses<\/a> dans un traitement certifi\u00e9 <a href=\"https:\/\/www.bio-suisse.ch\/\" target=\"_blank\" rel=\"noopener noreferrer\">Bio-Suisse<\/a>. Il peut \u00eatre utilis\u00e9 pour assaisonner les salades, les p\u00e2tes, la raclette et bien plus encore&#8230; et affiner CROUSTILLANT! Cultiv\u00e9 dans les champs locaux \u00e0 proximit\u00e9, RIche en prot\u00e9ines v\u00e9g\u00e9tales et en acides gras om\u00e9ga-3.<\/p>\n","protected":false},"excerpt":{"rendered":"<p><strong>Lancer!<\/strong> Apr\u00e8s une longue p\u00e9riode de bricolage, notre nouveau shaker \u00e0 chanvre &#8211; la chanvi\u00e8re &#8211; rejoint la gamme de produits populaires de <a href=\"https:\/\/dev1.alpenpionier.ch\/produkt\/hanfnuesse\/\">les noix de chanvre<\/a> grill\u00e9es et sal\u00e9es! Il n&rsquo;y a pas de limites \u00e0 l&rsquo;assaisonnement et au raffinage. La chanvri\u00e8re assaisonnement est une alternative saine pour saupoudrer directement sur les papilles. Placez-la simplement sur la table \u00e0 manger ou pr\u00e8s de la cuisini\u00e8re et utilisez-la et affinez tous les plats avec. Mais nous devons \u00e9mettre un certain avertissement, une fois essay\u00e9, il continuera \u00e0 \u00eatre utilis\u00e9 sans limite.<\/p>\n<p><strong>Chanvri\u00e8re de 150g de go\u00fbt<\/strong><\/p>\n","protected":false},"featured_media":14158,"comment_status":"open","ping_status":"closed","template":"","meta":[],"product_cat":[52,83],"product_tag":[],"yoast_head":"<!-- This site is optimized with the Yoast SEO plugin v22.8 - https:\/\/yoast.com\/wordpress\/plugins\/seo\/ -->\n<title>Chanvri\u00e8re pour affiner - noix de chanvre grill\u00e9es et sal\u00e9es - AlpenPionier<\/title>\n<meta name=\"description\" content=\"Le canvri\u00e8re d&#039;AlpenPionier \u261e Noix de chanvre grill\u00e9es et sal\u00e9es \u2713 BioSuisse \u2713 Dans un shaker d&#039;assaisonnement pratique \u2713 \u00c0 d\u00e9couvrir en ligne d\u00e8s maintenant!\" \/>\n<meta name=\"robots\" content=\"noindex, follow, max-snippet:-1, max-image-preview:large, max-video-preview:-1\" \/>\n<meta property=\"og:locale\" content=\"fr_FR\" \/>\n<meta property=\"og:type\" content=\"article\" \/>\n<meta property=\"og:title\" content=\"Chanvri\u00e8re pour affiner - noix de chanvre grill\u00e9es et sal\u00e9es - AlpenPionier\" \/>\n<meta property=\"og:description\" content=\"Le canvri\u00e8re d&#039;AlpenPionier \u261e Noix de chanvre grill\u00e9es et sal\u00e9es \u2713 BioSuisse \u2713 Dans un shaker d&#039;assaisonnement pratique \u2713 \u00c0 d\u00e9couvrir en ligne d\u00e8s maintenant!\" \/>\n<meta property=\"og:url\" content=\"https:\/\/dev1.alpenpionier.ch\/fr\/produkt\/chanvriere\/\" \/>\n<meta property=\"og:site_name\" content=\"AlpenPionier\" \/>\n<meta property=\"article:publisher\" content=\"https:\/\/www.facebook.com\/alpenpionier\/\" \/>\n<meta property=\"article:modified_time\" content=\"2022-05-11T06:16:54+00:00\" \/>\n<meta property=\"og:image\" content=\"https:\/\/dev1.alpenpionier.ch\/wp-content\/uploads\/HanfNuesse-geroestet-gesalzen-KLASSIKER-DE.png\" \/>\n\t<meta property=\"og:image:width\" content=\"850\" \/>\n\t<meta property=\"og:image:height\" content=\"850\" \/>\n\t<meta property=\"og:image:type\" content=\"image\/png\" \/>\n<meta name=\"twitter:card\" content=\"summary_large_image\" \/>\n<script type=\"application\/ld+json\" class=\"yoast-schema-graph\">{\"@context\":\"https:\/\/schema.org\",\"@graph\":[{\"@type\":\"WebPage\",\"@id\":\"https:\/\/dev1.alpenpionier.ch\/fr\/produkt\/chanvriere\/\",\"url\":\"https:\/\/dev1.alpenpionier.ch\/fr\/produkt\/chanvriere\/\",\"name\":\"Chanvri\u00e8re pour affiner - noix de chanvre grill\u00e9es et sal\u00e9es - AlpenPionier\",\"isPartOf\":{\"@id\":\"https:\/\/dev1.alpenpionier.ch\/fr\/#website\"},\"primaryImageOfPage\":{\"@id\":\"https:\/\/dev1.alpenpionier.ch\/fr\/produkt\/chanvriere\/#primaryimage\"},\"image\":{\"@id\":\"https:\/\/dev1.alpenpionier.ch\/fr\/produkt\/chanvriere\/#primaryimage\"},\"thumbnailUrl\":\"https:\/\/dev1.alpenpionier.ch\/wp-content\/uploads\/HanfNuesse-geroestet-gesalzen-KLASSIKER-DE.png\",\"datePublished\":\"2022-04-08T10:07:54+00:00\",\"dateModified\":\"2022-05-11T06:16:54+00:00\",\"description\":\"Le canvri\u00e8re d'AlpenPionier \u261e Noix de chanvre grill\u00e9es et sal\u00e9es \u2713 BioSuisse \u2713 Dans un shaker d'assaisonnement pratique \u2713 \u00c0 d\u00e9couvrir en ligne d\u00e8s maintenant!\",\"breadcrumb\":{\"@id\":\"https:\/\/dev1.alpenpionier.ch\/fr\/produkt\/chanvriere\/#breadcrumb\"},\"inLanguage\":\"fr-FR\",\"potentialAction\":[{\"@type\":\"ReadAction\",\"target\":[\"https:\/\/dev1.alpenpionier.ch\/fr\/produkt\/chanvriere\/\"]}]},{\"@type\":\"ImageObject\",\"inLanguage\":\"fr-FR\",\"@id\":\"https:\/\/dev1.alpenpionier.ch\/fr\/produkt\/chanvriere\/#primaryimage\",\"url\":\"https:\/\/dev1.alpenpionier.ch\/wp-content\/uploads\/HanfNuesse-geroestet-gesalzen-KLASSIKER-DE.png\",\"contentUrl\":\"https:\/\/dev1.alpenpionier.ch\/wp-content\/uploads\/HanfNuesse-geroestet-gesalzen-KLASSIKER-DE.png\",\"width\":850,\"height\":850,\"caption\":\"Noix de chanvre assaisonn\u00e9es 150g dans le shaker \u00e0 chanvre AlpenPionier. Graines de chanvre grill\u00e9es et sal\u00e9es dans un shaker \u00e0 affiner pratique.\"},{\"@type\":\"BreadcrumbList\",\"@id\":\"https:\/\/dev1.alpenpionier.ch\/fr\/produkt\/chanvriere\/#breadcrumb\",\"itemListElement\":[{\"@type\":\"ListItem\",\"position\":1,\"name\":\"Startseite\",\"item\":\"https:\/\/dev1.alpenpionier.ch\/fr\/\"},{\"@type\":\"ListItem\",\"position\":2,\"name\":\"Shop\",\"item\":\"https:\/\/dev1.alpenpionier.ch\/fr\/shop-2\/\"},{\"@type\":\"ListItem\",\"position\":3,\"name\":\"Chanvri\u00e8re\"}]},{\"@type\":\"WebSite\",\"@id\":\"https:\/\/dev1.alpenpionier.ch\/fr\/#website\",\"url\":\"https:\/\/dev1.alpenpionier.ch\/fr\/\",\"name\":\"AlpenPionier\",\"description\":\"Lebensmittelhanf von AlpenPionier\",\"potentialAction\":[{\"@type\":\"SearchAction\",\"target\":{\"@type\":\"EntryPoint\",\"urlTemplate\":\"https:\/\/dev1.alpenpionier.ch\/fr\/?s={search_term_string}\"},\"query-input\":\"required name=search_term_string\"}],\"inLanguage\":\"fr-FR\"}]}<\/script>\n<!-- \/ Yoast SEO plugin. -->","yoast_head_json":{"title":"Chanvri\u00e8re pour affiner - noix de chanvre grill\u00e9es et sal\u00e9es - AlpenPionier","description":"Le canvri\u00e8re d'AlpenPionier \u261e Noix de chanvre grill\u00e9es et sal\u00e9es \u2713 BioSuisse \u2713 Dans un shaker d'assaisonnement pratique \u2713 \u00c0 d\u00e9couvrir en ligne d\u00e8s maintenant!","robots":{"index":"noindex","follow":"follow","max-snippet":"max-snippet:-1","max-image-preview":"max-image-preview:large","max-video-preview":"max-video-preview:-1"},"og_locale":"fr_FR","og_type":"article","og_title":"Chanvri\u00e8re pour affiner - noix de chanvre grill\u00e9es et sal\u00e9es - AlpenPionier","og_description":"Le canvri\u00e8re d'AlpenPionier \u261e Noix de chanvre grill\u00e9es et sal\u00e9es \u2713 BioSuisse \u2713 Dans un shaker d'assaisonnement pratique \u2713 \u00c0 d\u00e9couvrir en ligne d\u00e8s maintenant!","og_url":"https:\/\/dev1.alpenpionier.ch\/fr\/produkt\/chanvriere\/","og_site_name":"AlpenPionier","article_publisher":"https:\/\/www.facebook.com\/alpenpionier\/","article_modified_time":"2022-05-11T06:16:54+00:00","og_image":[{"width":850,"height":850,"url":"https:\/\/dev1.alpenpionier.ch\/wp-content\/uploads\/HanfNuesse-geroestet-gesalzen-KLASSIKER-DE.png","type":"image\/png"}],"twitter_card":"summary_large_image","schema":{"@context":"https:\/\/schema.org","@graph":[{"@type":"WebPage","@id":"https:\/\/dev1.alpenpionier.ch\/fr\/produkt\/chanvriere\/","url":"https:\/\/dev1.alpenpionier.ch\/fr\/produkt\/chanvriere\/","name":"Chanvri\u00e8re pour affiner - noix de chanvre grill\u00e9es et sal\u00e9es - AlpenPionier","isPartOf":{"@id":"https:\/\/dev1.alpenpionier.ch\/fr\/#website"},"primaryImageOfPage":{"@id":"https:\/\/dev1.alpenpionier.ch\/fr\/produkt\/chanvriere\/#primaryimage"},"image":{"@id":"https:\/\/dev1.alpenpionier.ch\/fr\/produkt\/chanvriere\/#primaryimage"},"thumbnailUrl":"https:\/\/dev1.alpenpionier.ch\/wp-content\/uploads\/HanfNuesse-geroestet-gesalzen-KLASSIKER-DE.png","datePublished":"2022-04-08T10:07:54+00:00","dateModified":"2022-05-11T06:16:54+00:00","description":"Le canvri\u00e8re d'AlpenPionier \u261e Noix de chanvre grill\u00e9es et sal\u00e9es \u2713 BioSuisse \u2713 Dans un shaker d'assaisonnement pratique \u2713 \u00c0 d\u00e9couvrir en ligne d\u00e8s maintenant!","breadcrumb":{"@id":"https:\/\/dev1.alpenpionier.ch\/fr\/produkt\/chanvriere\/#breadcrumb"},"inLanguage":"fr-FR","potentialAction":[{"@type":"ReadAction","target":["https:\/\/dev1.alpenpionier.ch\/fr\/produkt\/chanvriere\/"]}]},{"@type":"ImageObject","inLanguage":"fr-FR","@id":"https:\/\/dev1.alpenpionier.ch\/fr\/produkt\/chanvriere\/#primaryimage","url":"https:\/\/dev1.alpenpionier.ch\/wp-content\/uploads\/HanfNuesse-geroestet-gesalzen-KLASSIKER-DE.png","contentUrl":"https:\/\/dev1.alpenpionier.ch\/wp-content\/uploads\/HanfNuesse-geroestet-gesalzen-KLASSIKER-DE.png","width":850,"height":850,"caption":"Noix de chanvre assaisonn\u00e9es 150g dans le shaker \u00e0 chanvre AlpenPionier. Graines de chanvre grill\u00e9es et sal\u00e9es dans un shaker \u00e0 affiner pratique."},{"@type":"BreadcrumbList","@id":"https:\/\/dev1.alpenpionier.ch\/fr\/produkt\/chanvriere\/#breadcrumb","itemListElement":[{"@type":"ListItem","position":1,"name":"Startseite","item":"https:\/\/dev1.alpenpionier.ch\/fr\/"},{"@type":"ListItem","position":2,"name":"Shop","item":"https:\/\/dev1.alpenpionier.ch\/fr\/shop-2\/"},{"@type":"ListItem","position":3,"name":"Chanvri\u00e8re"}]},{"@type":"WebSite","@id":"https:\/\/dev1.alpenpionier.ch\/fr\/#website","url":"https:\/\/dev1.alpenpionier.ch\/fr\/","name":"AlpenPionier","description":"Lebensmittelhanf von AlpenPionier","potentialAction":[{"@type":"SearchAction","target":{"@type":"EntryPoint","urlTemplate":"https:\/\/dev1.alpenpionier.ch\/fr\/?s={search_term_string}"},"query-input":"required name=search_term_string"}],"inLanguage":"fr-FR"}]}},"_links":{"self":[{"href":"https:\/\/dev1.alpenpionier.ch\/fr\/wp-json\/wp\/v2\/product\/14164"}],"collection":[{"href":"https:\/\/dev1.alpenpionier.ch\/fr\/wp-json\/wp\/v2\/product"}],"about":[{"href":"https:\/\/dev1.alpenpionier.ch\/fr\/wp-json\/wp\/v2\/types\/product"}],"replies":[{"embeddable":true,"href":"https:\/\/dev1.alpenpionier.ch\/fr\/wp-json\/wp\/v2\/comments?post=14164"}],"wp:featuredmedia":[{"embeddable":true,"href":"https:\/\/dev1.alpenpionier.ch\/fr\/wp-json\/wp\/v2\/media\/14158"}],"wp:attachment":[{"href":"https:\/\/dev1.alpenpionier.ch\/fr\/wp-json\/wp\/v2\/media?parent=14164"}],"wp:term":[{"taxonomy":"product_cat","embeddable":true,"href":"https:\/\/dev1.alpenpionier.ch\/fr\/wp-json\/wp\/v2\/product_cat?post=14164"},{"taxonomy":"product_tag","embeddable":true,"href":"https:\/\/dev1.alpenpionier.ch\/fr\/wp-json\/wp\/v2\/product_tag?post=14164"}],"curies":[{"name":"wp","href":"https:\/\/api.w.org\/{rel}","templated":true}]}}