{"id":15984,"date":"2022-09-29T18:12:13","date_gmt":"2022-09-29T16:12:14","guid":{"rendered":"https:\/\/dev1.alpenpionier.ch\/?post_type=product&#038;p=15984"},"modified":"2024-05-31T16:15:05","modified_gmt":"2024-05-31T14:15:05","slug":"graines-de-chanvre-grillees-et-salees-1kg","status":"publish","type":"product","link":"https:\/\/dev1.alpenpionier.ch\/fr\/produkt\/graines-de-chanvre-grillees-et-salees-1kg\/","title":{"rendered":"Graines de chanvre grill\u00e9es et sal\u00e9es 1kg"},"content":{"rendered":"<p><strong>Nos graines de chanvre grill\u00e9es et sal\u00e9es<\/strong> dans paquet de 1kg <a href=\"https:\/\/dev1.alpenpionier.ch\/produkt\/hanfnuesse\/\" target=\"_blank\" rel=\"noopener noreferrer\">sont de la suisse<\/a> et grill\u00e9es et sal\u00e9es \u00e0 partir dans un <a href=\"https:\/\/www.bio-suisse.ch\/\" target=\"_blank\" rel=\"noopener noreferrer\">traitement certifi\u00e9 Bio-Suisse<\/a>. Il peut \u00eatre utilis\u00e9 pour assaisonner les salades, les p\u00e2tes, la raclette et bien plus encore\u2026 et affiner CROUSTILLANT! Cultiv\u00e9 dans les champs locaux \u00e0 proximit\u00e9, RIche en prot\u00e9ines v\u00e9g\u00e9tales et en acides gras om\u00e9ga-3.<\/p>\n","protected":false},"excerpt":{"rendered":"<p>Graines de chanvre grill\u00e9es et sal\u00e9es en kilo! Il n\u2019y a pas de limites \u00e0 l\u2019assaisonnement et au raffinage. Les graines de chanvre assaisonnement est une alternative saine pour saupoudrer directement sur les papilles. Id\u00e9al pour remplir le shaker \/ la chanvri\u00e8re. Placez-les simplement sur la table \u00e0 manger ou pr\u00e8s de la cuisini\u00e8re et utilisez-la et affinez tous les plats avec. Mais nous devons \u00e9mettre un certain avertissement, une fois essay\u00e9, il continuera \u00e0 \u00eatre utilis\u00e9 sans limite.<\/p>\n<p><strong>Paquet \u00e0 1kg<br \/>\n<\/strong><\/p>\n","protected":false},"featured_media":17826,"comment_status":"open","ping_status":"closed","template":"","meta":[],"product_cat":[52],"product_tag":[],"yoast_head":"<!-- This site is optimized with the Yoast SEO plugin v22.8 - https:\/\/yoast.com\/wordpress\/plugins\/seo\/ -->\n<title>Graines de chanvre grill\u00e9es et sal\u00e9es - En gros - AlpenPionier<\/title>\n<meta name=\"description\" content=\"Graines de chanvre grill\u00e9es et sal\u00e9es en paquet d&#039;un kilo \u261e De Suisse, qui sont cultiv\u00e9es et produit en qualit\u00e9 Bio-Suisse. A d\u00e9couvrir en ligne d\u00e8s maintenant!\" \/>\n<meta name=\"robots\" content=\"noindex, follow, max-snippet:-1, max-image-preview:large, max-video-preview:-1\" \/>\n<meta property=\"og:locale\" content=\"fr_FR\" \/>\n<meta property=\"og:type\" content=\"article\" \/>\n<meta property=\"og:title\" content=\"Graines de chanvre grill\u00e9es et sal\u00e9es - En gros - AlpenPionier\" \/>\n<meta property=\"og:description\" content=\"Graines de chanvre grill\u00e9es et sal\u00e9es en paquet d&#039;un kilo \u261e De Suisse, qui sont cultiv\u00e9es et produit en qualit\u00e9 Bio-Suisse. A d\u00e9couvrir en ligne d\u00e8s maintenant!\" \/>\n<meta property=\"og:url\" content=\"https:\/\/dev1.alpenpionier.ch\/fr\/produkt\/graines-de-chanvre-grillees-et-salees-1kg\/\" \/>\n<meta property=\"og:site_name\" content=\"AlpenPionier\" \/>\n<meta property=\"article:publisher\" content=\"https:\/\/www.facebook.com\/alpenpionier\/\" \/>\n<meta property=\"article:modified_time\" content=\"2024-05-31T14:15:05+00:00\" \/>\n<meta property=\"og:image\" content=\"https:\/\/dev1.alpenpionier.ch\/wp-content\/uploads\/1kg-Verpackung-Geroestet-Salz.jpg\" \/>\n\t<meta property=\"og:image:width\" content=\"850\" \/>\n\t<meta property=\"og:image:height\" content=\"850\" \/>\n\t<meta property=\"og:image:type\" content=\"image\/jpeg\" \/>\n<meta name=\"twitter:card\" content=\"summary_large_image\" \/>\n<meta name=\"twitter:label1\" content=\"Dur\u00e9e de lecture estim\u00e9e\" \/>\n\t<meta name=\"twitter:data1\" content=\"1 minute\" \/>\n<script type=\"application\/ld+json\" class=\"yoast-schema-graph\">{\"@context\":\"https:\/\/schema.org\",\"@graph\":[{\"@type\":\"WebPage\",\"@id\":\"https:\/\/dev1.alpenpionier.ch\/fr\/produkt\/graines-de-chanvre-grillees-et-salees-1kg\/\",\"url\":\"https:\/\/dev1.alpenpionier.ch\/fr\/produkt\/graines-de-chanvre-grillees-et-salees-1kg\/\",\"name\":\"Graines de chanvre grill\u00e9es et sal\u00e9es - En gros - AlpenPionier\",\"isPartOf\":{\"@id\":\"https:\/\/dev1.alpenpionier.ch\/fr\/#website\"},\"primaryImageOfPage\":{\"@id\":\"https:\/\/dev1.alpenpionier.ch\/fr\/produkt\/graines-de-chanvre-grillees-et-salees-1kg\/#primaryimage\"},\"image\":{\"@id\":\"https:\/\/dev1.alpenpionier.ch\/fr\/produkt\/graines-de-chanvre-grillees-et-salees-1kg\/#primaryimage\"},\"thumbnailUrl\":\"https:\/\/dev1.alpenpionier.ch\/wp-content\/uploads\/1kg-Verpackung-Geroestet-Salz.jpg\",\"datePublished\":\"2022-09-29T16:12:14+00:00\",\"dateModified\":\"2024-05-31T14:15:05+00:00\",\"description\":\"Graines de chanvre grill\u00e9es et sal\u00e9es en paquet d'un kilo \u261e De Suisse, qui sont cultiv\u00e9es et produit en qualit\u00e9 Bio-Suisse. A d\u00e9couvrir en ligne d\u00e8s maintenant!\",\"breadcrumb\":{\"@id\":\"https:\/\/dev1.alpenpionier.ch\/fr\/produkt\/graines-de-chanvre-grillees-et-salees-1kg\/#breadcrumb\"},\"inLanguage\":\"fr-FR\",\"potentialAction\":[{\"@type\":\"ReadAction\",\"target\":[\"https:\/\/dev1.alpenpionier.ch\/fr\/produkt\/graines-de-chanvre-grillees-et-salees-1kg\/\"]}]},{\"@type\":\"ImageObject\",\"inLanguage\":\"fr-FR\",\"@id\":\"https:\/\/dev1.alpenpionier.ch\/fr\/produkt\/graines-de-chanvre-grillees-et-salees-1kg\/#primaryimage\",\"url\":\"https:\/\/dev1.alpenpionier.ch\/wp-content\/uploads\/1kg-Verpackung-Geroestet-Salz.jpg\",\"contentUrl\":\"https:\/\/dev1.alpenpionier.ch\/wp-content\/uploads\/1kg-Verpackung-Geroestet-Salz.jpg\",\"width\":850,\"height\":850},{\"@type\":\"BreadcrumbList\",\"@id\":\"https:\/\/dev1.alpenpionier.ch\/fr\/produkt\/graines-de-chanvre-grillees-et-salees-1kg\/#breadcrumb\",\"itemListElement\":[{\"@type\":\"ListItem\",\"position\":1,\"name\":\"Startseite\",\"item\":\"https:\/\/dev1.alpenpionier.ch\/fr\/\"},{\"@type\":\"ListItem\",\"position\":2,\"name\":\"Shop\",\"item\":\"https:\/\/dev1.alpenpionier.ch\/fr\/shop-2\/\"},{\"@type\":\"ListItem\",\"position\":3,\"name\":\"Graines de chanvre grill\u00e9es et sal\u00e9es 1kg\"}]},{\"@type\":\"WebSite\",\"@id\":\"https:\/\/dev1.alpenpionier.ch\/fr\/#website\",\"url\":\"https:\/\/dev1.alpenpionier.ch\/fr\/\",\"name\":\"AlpenPionier\",\"description\":\"Lebensmittelhanf von AlpenPionier\",\"potentialAction\":[{\"@type\":\"SearchAction\",\"target\":{\"@type\":\"EntryPoint\",\"urlTemplate\":\"https:\/\/dev1.alpenpionier.ch\/fr\/?s={search_term_string}\"},\"query-input\":\"required name=search_term_string\"}],\"inLanguage\":\"fr-FR\"}]}<\/script>\n<!-- \/ Yoast SEO plugin. -->","yoast_head_json":{"title":"Graines de chanvre grill\u00e9es et sal\u00e9es - En gros - AlpenPionier","description":"Graines de chanvre grill\u00e9es et sal\u00e9es en paquet d'un kilo \u261e De Suisse, qui sont cultiv\u00e9es et produit en qualit\u00e9 Bio-Suisse. A d\u00e9couvrir en ligne d\u00e8s maintenant!","robots":{"index":"noindex","follow":"follow","max-snippet":"max-snippet:-1","max-image-preview":"max-image-preview:large","max-video-preview":"max-video-preview:-1"},"og_locale":"fr_FR","og_type":"article","og_title":"Graines de chanvre grill\u00e9es et sal\u00e9es - En gros - AlpenPionier","og_description":"Graines de chanvre grill\u00e9es et sal\u00e9es en paquet d'un kilo \u261e De Suisse, qui sont cultiv\u00e9es et produit en qualit\u00e9 Bio-Suisse. A d\u00e9couvrir en ligne d\u00e8s maintenant!","og_url":"https:\/\/dev1.alpenpionier.ch\/fr\/produkt\/graines-de-chanvre-grillees-et-salees-1kg\/","og_site_name":"AlpenPionier","article_publisher":"https:\/\/www.facebook.com\/alpenpionier\/","article_modified_time":"2024-05-31T14:15:05+00:00","og_image":[{"width":850,"height":850,"url":"https:\/\/dev1.alpenpionier.ch\/wp-content\/uploads\/1kg-Verpackung-Geroestet-Salz.jpg","type":"image\/jpeg"}],"twitter_card":"summary_large_image","twitter_misc":{"Dur\u00e9e de lecture estim\u00e9e":"1 minute"},"schema":{"@context":"https:\/\/schema.org","@graph":[{"@type":"WebPage","@id":"https:\/\/dev1.alpenpionier.ch\/fr\/produkt\/graines-de-chanvre-grillees-et-salees-1kg\/","url":"https:\/\/dev1.alpenpionier.ch\/fr\/produkt\/graines-de-chanvre-grillees-et-salees-1kg\/","name":"Graines de chanvre grill\u00e9es et sal\u00e9es - En gros - AlpenPionier","isPartOf":{"@id":"https:\/\/dev1.alpenpionier.ch\/fr\/#website"},"primaryImageOfPage":{"@id":"https:\/\/dev1.alpenpionier.ch\/fr\/produkt\/graines-de-chanvre-grillees-et-salees-1kg\/#primaryimage"},"image":{"@id":"https:\/\/dev1.alpenpionier.ch\/fr\/produkt\/graines-de-chanvre-grillees-et-salees-1kg\/#primaryimage"},"thumbnailUrl":"https:\/\/dev1.alpenpionier.ch\/wp-content\/uploads\/1kg-Verpackung-Geroestet-Salz.jpg","datePublished":"2022-09-29T16:12:14+00:00","dateModified":"2024-05-31T14:15:05+00:00","description":"Graines de chanvre grill\u00e9es et sal\u00e9es en paquet d'un kilo \u261e De Suisse, qui sont cultiv\u00e9es et produit en qualit\u00e9 Bio-Suisse. A d\u00e9couvrir en ligne d\u00e8s maintenant!","breadcrumb":{"@id":"https:\/\/dev1.alpenpionier.ch\/fr\/produkt\/graines-de-chanvre-grillees-et-salees-1kg\/#breadcrumb"},"inLanguage":"fr-FR","potentialAction":[{"@type":"ReadAction","target":["https:\/\/dev1.alpenpionier.ch\/fr\/produkt\/graines-de-chanvre-grillees-et-salees-1kg\/"]}]},{"@type":"ImageObject","inLanguage":"fr-FR","@id":"https:\/\/dev1.alpenpionier.ch\/fr\/produkt\/graines-de-chanvre-grillees-et-salees-1kg\/#primaryimage","url":"https:\/\/dev1.alpenpionier.ch\/wp-content\/uploads\/1kg-Verpackung-Geroestet-Salz.jpg","contentUrl":"https:\/\/dev1.alpenpionier.ch\/wp-content\/uploads\/1kg-Verpackung-Geroestet-Salz.jpg","width":850,"height":850},{"@type":"BreadcrumbList","@id":"https:\/\/dev1.alpenpionier.ch\/fr\/produkt\/graines-de-chanvre-grillees-et-salees-1kg\/#breadcrumb","itemListElement":[{"@type":"ListItem","position":1,"name":"Startseite","item":"https:\/\/dev1.alpenpionier.ch\/fr\/"},{"@type":"ListItem","position":2,"name":"Shop","item":"https:\/\/dev1.alpenpionier.ch\/fr\/shop-2\/"},{"@type":"ListItem","position":3,"name":"Graines de chanvre grill\u00e9es et sal\u00e9es 1kg"}]},{"@type":"WebSite","@id":"https:\/\/dev1.alpenpionier.ch\/fr\/#website","url":"https:\/\/dev1.alpenpionier.ch\/fr\/","name":"AlpenPionier","description":"Lebensmittelhanf von AlpenPionier","potentialAction":[{"@type":"SearchAction","target":{"@type":"EntryPoint","urlTemplate":"https:\/\/dev1.alpenpionier.ch\/fr\/?s={search_term_string}"},"query-input":"required name=search_term_string"}],"inLanguage":"fr-FR"}]}},"_links":{"self":[{"href":"https:\/\/dev1.alpenpionier.ch\/fr\/wp-json\/wp\/v2\/product\/15984"}],"collection":[{"href":"https:\/\/dev1.alpenpionier.ch\/fr\/wp-json\/wp\/v2\/product"}],"about":[{"href":"https:\/\/dev1.alpenpionier.ch\/fr\/wp-json\/wp\/v2\/types\/product"}],"replies":[{"embeddable":true,"href":"https:\/\/dev1.alpenpionier.ch\/fr\/wp-json\/wp\/v2\/comments?post=15984"}],"wp:featuredmedia":[{"embeddable":true,"href":"https:\/\/dev1.alpenpionier.ch\/fr\/wp-json\/wp\/v2\/media\/17826"}],"wp:attachment":[{"href":"https:\/\/dev1.alpenpionier.ch\/fr\/wp-json\/wp\/v2\/media?parent=15984"}],"wp:term":[{"taxonomy":"product_cat","embeddable":true,"href":"https:\/\/dev1.alpenpionier.ch\/fr\/wp-json\/wp\/v2\/product_cat?post=15984"},{"taxonomy":"product_tag","embeddable":true,"href":"https:\/\/dev1.alpenpionier.ch\/fr\/wp-json\/wp\/v2\/product_tag?post=15984"}],"curies":[{"name":"wp","href":"https:\/\/api.w.org\/{rel}","templated":true}]}}