{"id":7671,"date":"2020-07-01T11:06:58","date_gmt":"2020-09-23T13:10:33","guid":{"rendered":"https:\/\/dev1.alpenpionier.ch\/produkt\/graines-de-chanvre-decortiquees\/"},"modified":"2020-10-19T10:50:45","modified_gmt":"2020-10-19T08:50:45","slug":"graines-de-chanvre-decortiquees","status":"publish","type":"product","link":"https:\/\/dev1.alpenpionier.ch\/fr\/produkt\/graines-de-chanvre-decortiquees\/","title":{"rendered":"Graines de chanvre d\u00e9cortiqu\u00e9es"},"content":{"rendered":"<p>Nos graines de chanvre d\u00e9cortiqu\u00e9es sont cultiv\u00e9es dans l\u00b4est de la Suisse selon des m\u00e9thodes certifi\u00e9es <a href=\"https:\/\/www.bio-suisse.ch\/\" target=\"_blank\" rel=\"noopener noreferrer\">Bio-Suisse<\/a>, puis d\u00e9cortiqu\u00e9es d\u00e9licatement dans la premi\u00e8re et <strong>unique usine de d\u00e9corticage de chanvre en Suisse<\/strong>, dans nos locaux de Zizers. Ils constituent un ingr\u00e9dient polyvalent dans la cuisineet ont un go\u00fbt de noisette particuli\u00e8rement prononc\u00e9. Cela permet de cr\u00e9er des plats uniques, v\u00e9g\u00e9tariens, v\u00e9gans ou traditionnels. Au centre de la noix.<\/p>\n","protected":false},"excerpt":{"rendered":"<p>Avec notre haute teneur en prot\u00e9ines et les Om\u00e9ga 3 et 6 essentiels, nous sommes la polyvalence absolute: Nous aimons \u00eatre saupoudr\u00e9s sur les porridges et smoothies, \u00eatre m\u00e9lang\u00e9s das l&rsquo;houmous, \u00eatre d\u00e9congel\u00e9s sur la garniture de pizza ou danser dans la cuisine en tant que pesto.<\/p>\n<p><strong>Paquet avec 150g<\/strong><\/p>\n","protected":false},"featured_media":6520,"comment_status":"open","ping_status":"closed","template":"","meta":[],"product_cat":[52,83],"product_tag":[],"yoast_head":"<!-- This site is optimized with the Yoast SEO plugin v22.8 - https:\/\/yoast.com\/wordpress\/plugins\/seo\/ -->\n<title>Graines de chanvre d\u00e9cortiqu\u00e9es - 100% Suisse, 100% Bio - AlpenPionier<\/title>\n<meta name=\"description\" content=\"Noix de chanvre d\u00e9cortiqu\u00e9es d&#039;AlpenPionier \u261e Noix de chanvre biologiques, transform\u00e9es avec pr\u00e9caution par AlpenPionier \u00e0 Zizers (GR).\" \/>\n<meta name=\"robots\" content=\"noindex, follow, max-snippet:-1, max-image-preview:large, max-video-preview:-1\" \/>\n<meta property=\"og:locale\" content=\"fr_FR\" \/>\n<meta property=\"og:type\" content=\"article\" \/>\n<meta property=\"og:title\" content=\"Graines de chanvre d\u00e9cortiqu\u00e9es - 100% Suisse, 100% Bio - AlpenPionier\" \/>\n<meta property=\"og:description\" content=\"Noix de chanvre d\u00e9cortiqu\u00e9es d&#039;AlpenPionier \u261e Noix de chanvre biologiques, transform\u00e9es avec pr\u00e9caution par AlpenPionier \u00e0 Zizers (GR).\" \/>\n<meta property=\"og:url\" content=\"https:\/\/dev1.alpenpionier.ch\/fr\/produkt\/graines-de-chanvre-decortiquees\/\" \/>\n<meta property=\"og:site_name\" content=\"AlpenPionier\" \/>\n<meta property=\"article:publisher\" content=\"https:\/\/www.facebook.com\/alpenpionier\/\" \/>\n<meta property=\"article:modified_time\" content=\"2020-10-19T08:50:45+00:00\" \/>\n<meta property=\"og:image\" content=\"https:\/\/dev1.alpenpionier.ch\/wp-content\/uploads\/hanfnu\u2560\u00easse_gescha\u2560\u00ealt_prov_blau_web.png\" \/>\n\t<meta property=\"og:image:width\" content=\"850\" \/>\n\t<meta property=\"og:image:height\" content=\"850\" \/>\n\t<meta property=\"og:image:type\" content=\"image\/png\" \/>\n<meta name=\"twitter:card\" content=\"summary_large_image\" \/>\n<script type=\"application\/ld+json\" class=\"yoast-schema-graph\">{\"@context\":\"https:\/\/schema.org\",\"@graph\":[{\"@type\":\"WebPage\",\"@id\":\"https:\/\/dev1.alpenpionier.ch\/fr\/produkt\/graines-de-chanvre-decortiquees\/\",\"url\":\"https:\/\/dev1.alpenpionier.ch\/fr\/produkt\/graines-de-chanvre-decortiquees\/\",\"name\":\"Graines de chanvre d\u00e9cortiqu\u00e9es - 100% Suisse, 100% Bio - AlpenPionier\",\"isPartOf\":{\"@id\":\"https:\/\/dev1.alpenpionier.ch\/fr\/#website\"},\"primaryImageOfPage\":{\"@id\":\"https:\/\/dev1.alpenpionier.ch\/fr\/produkt\/graines-de-chanvre-decortiquees\/#primaryimage\"},\"image\":{\"@id\":\"https:\/\/dev1.alpenpionier.ch\/fr\/produkt\/graines-de-chanvre-decortiquees\/#primaryimage\"},\"thumbnailUrl\":\"https:\/\/dev1.alpenpionier.ch\/wp-content\/uploads\/hanfnu\u2560\u00easse_gescha\u2560\u00ealt_prov_blau_web.png\",\"datePublished\":\"2020-09-23T13:10:33+00:00\",\"dateModified\":\"2020-10-19T08:50:45+00:00\",\"description\":\"Noix de chanvre d\u00e9cortiqu\u00e9es d'AlpenPionier \u261e Noix de chanvre biologiques, transform\u00e9es avec pr\u00e9caution par AlpenPionier \u00e0 Zizers (GR).\",\"breadcrumb\":{\"@id\":\"https:\/\/dev1.alpenpionier.ch\/fr\/produkt\/graines-de-chanvre-decortiquees\/#breadcrumb\"},\"inLanguage\":\"fr-FR\",\"potentialAction\":[{\"@type\":\"ReadAction\",\"target\":[\"https:\/\/dev1.alpenpionier.ch\/fr\/produkt\/graines-de-chanvre-decortiquees\/\"]}]},{\"@type\":\"ImageObject\",\"inLanguage\":\"fr-FR\",\"@id\":\"https:\/\/dev1.alpenpionier.ch\/fr\/produkt\/graines-de-chanvre-decortiquees\/#primaryimage\",\"url\":\"https:\/\/dev1.alpenpionier.ch\/wp-content\/uploads\/hanfnu\u2560\u00easse_gescha\u2560\u00ealt_prov_blau_web.png\",\"contentUrl\":\"https:\/\/dev1.alpenpionier.ch\/wp-content\/uploads\/hanfnu\u2560\u00easse_gescha\u2560\u00ealt_prov_blau_web.png\",\"width\":850,\"height\":850,\"caption\":\"Graines de chanvre d\u00e9cortiqu\u00e9es de Alpenpionier . En origine de Suisse en qualit\u00e9 biologique.\"},{\"@type\":\"BreadcrumbList\",\"@id\":\"https:\/\/dev1.alpenpionier.ch\/fr\/produkt\/graines-de-chanvre-decortiquees\/#breadcrumb\",\"itemListElement\":[{\"@type\":\"ListItem\",\"position\":1,\"name\":\"Startseite\",\"item\":\"https:\/\/dev1.alpenpionier.ch\/fr\/\"},{\"@type\":\"ListItem\",\"position\":2,\"name\":\"Shop\",\"item\":\"https:\/\/dev1.alpenpionier.ch\/fr\/shop-2\/\"},{\"@type\":\"ListItem\",\"position\":3,\"name\":\"Graines de chanvre d\u00e9cortiqu\u00e9es\"}]},{\"@type\":\"WebSite\",\"@id\":\"https:\/\/dev1.alpenpionier.ch\/fr\/#website\",\"url\":\"https:\/\/dev1.alpenpionier.ch\/fr\/\",\"name\":\"AlpenPionier\",\"description\":\"Lebensmittelhanf von AlpenPionier\",\"potentialAction\":[{\"@type\":\"SearchAction\",\"target\":{\"@type\":\"EntryPoint\",\"urlTemplate\":\"https:\/\/dev1.alpenpionier.ch\/fr\/?s={search_term_string}\"},\"query-input\":\"required name=search_term_string\"}],\"inLanguage\":\"fr-FR\"}]}<\/script>\n<!-- \/ Yoast SEO plugin. -->","yoast_head_json":{"title":"Graines de chanvre d\u00e9cortiqu\u00e9es - 100% Suisse, 100% Bio - AlpenPionier","description":"Noix de chanvre d\u00e9cortiqu\u00e9es d'AlpenPionier \u261e Noix de chanvre biologiques, transform\u00e9es avec pr\u00e9caution par AlpenPionier \u00e0 Zizers (GR).","robots":{"index":"noindex","follow":"follow","max-snippet":"max-snippet:-1","max-image-preview":"max-image-preview:large","max-video-preview":"max-video-preview:-1"},"og_locale":"fr_FR","og_type":"article","og_title":"Graines de chanvre d\u00e9cortiqu\u00e9es - 100% Suisse, 100% Bio - AlpenPionier","og_description":"Noix de chanvre d\u00e9cortiqu\u00e9es d'AlpenPionier \u261e Noix de chanvre biologiques, transform\u00e9es avec pr\u00e9caution par AlpenPionier \u00e0 Zizers (GR).","og_url":"https:\/\/dev1.alpenpionier.ch\/fr\/produkt\/graines-de-chanvre-decortiquees\/","og_site_name":"AlpenPionier","article_publisher":"https:\/\/www.facebook.com\/alpenpionier\/","article_modified_time":"2020-10-19T08:50:45+00:00","og_image":[{"width":850,"height":850,"url":"https:\/\/dev1.alpenpionier.ch\/wp-content\/uploads\/hanfnu\u2560\u00easse_gescha\u2560\u00ealt_prov_blau_web.png","type":"image\/png"}],"twitter_card":"summary_large_image","schema":{"@context":"https:\/\/schema.org","@graph":[{"@type":"WebPage","@id":"https:\/\/dev1.alpenpionier.ch\/fr\/produkt\/graines-de-chanvre-decortiquees\/","url":"https:\/\/dev1.alpenpionier.ch\/fr\/produkt\/graines-de-chanvre-decortiquees\/","name":"Graines de chanvre d\u00e9cortiqu\u00e9es - 100% Suisse, 100% Bio - AlpenPionier","isPartOf":{"@id":"https:\/\/dev1.alpenpionier.ch\/fr\/#website"},"primaryImageOfPage":{"@id":"https:\/\/dev1.alpenpionier.ch\/fr\/produkt\/graines-de-chanvre-decortiquees\/#primaryimage"},"image":{"@id":"https:\/\/dev1.alpenpionier.ch\/fr\/produkt\/graines-de-chanvre-decortiquees\/#primaryimage"},"thumbnailUrl":"https:\/\/dev1.alpenpionier.ch\/wp-content\/uploads\/hanfnu\u2560\u00easse_gescha\u2560\u00ealt_prov_blau_web.png","datePublished":"2020-09-23T13:10:33+00:00","dateModified":"2020-10-19T08:50:45+00:00","description":"Noix de chanvre d\u00e9cortiqu\u00e9es d'AlpenPionier \u261e Noix de chanvre biologiques, transform\u00e9es avec pr\u00e9caution par AlpenPionier \u00e0 Zizers (GR).","breadcrumb":{"@id":"https:\/\/dev1.alpenpionier.ch\/fr\/produkt\/graines-de-chanvre-decortiquees\/#breadcrumb"},"inLanguage":"fr-FR","potentialAction":[{"@type":"ReadAction","target":["https:\/\/dev1.alpenpionier.ch\/fr\/produkt\/graines-de-chanvre-decortiquees\/"]}]},{"@type":"ImageObject","inLanguage":"fr-FR","@id":"https:\/\/dev1.alpenpionier.ch\/fr\/produkt\/graines-de-chanvre-decortiquees\/#primaryimage","url":"https:\/\/dev1.alpenpionier.ch\/wp-content\/uploads\/hanfnu\u2560\u00easse_gescha\u2560\u00ealt_prov_blau_web.png","contentUrl":"https:\/\/dev1.alpenpionier.ch\/wp-content\/uploads\/hanfnu\u2560\u00easse_gescha\u2560\u00ealt_prov_blau_web.png","width":850,"height":850,"caption":"Graines de chanvre d\u00e9cortiqu\u00e9es de Alpenpionier . En origine de Suisse en qualit\u00e9 biologique."},{"@type":"BreadcrumbList","@id":"https:\/\/dev1.alpenpionier.ch\/fr\/produkt\/graines-de-chanvre-decortiquees\/#breadcrumb","itemListElement":[{"@type":"ListItem","position":1,"name":"Startseite","item":"https:\/\/dev1.alpenpionier.ch\/fr\/"},{"@type":"ListItem","position":2,"name":"Shop","item":"https:\/\/dev1.alpenpionier.ch\/fr\/shop-2\/"},{"@type":"ListItem","position":3,"name":"Graines de chanvre d\u00e9cortiqu\u00e9es"}]},{"@type":"WebSite","@id":"https:\/\/dev1.alpenpionier.ch\/fr\/#website","url":"https:\/\/dev1.alpenpionier.ch\/fr\/","name":"AlpenPionier","description":"Lebensmittelhanf von AlpenPionier","potentialAction":[{"@type":"SearchAction","target":{"@type":"EntryPoint","urlTemplate":"https:\/\/dev1.alpenpionier.ch\/fr\/?s={search_term_string}"},"query-input":"required name=search_term_string"}],"inLanguage":"fr-FR"}]}},"_links":{"self":[{"href":"https:\/\/dev1.alpenpionier.ch\/fr\/wp-json\/wp\/v2\/product\/7671"}],"collection":[{"href":"https:\/\/dev1.alpenpionier.ch\/fr\/wp-json\/wp\/v2\/product"}],"about":[{"href":"https:\/\/dev1.alpenpionier.ch\/fr\/wp-json\/wp\/v2\/types\/product"}],"replies":[{"embeddable":true,"href":"https:\/\/dev1.alpenpionier.ch\/fr\/wp-json\/wp\/v2\/comments?post=7671"}],"wp:featuredmedia":[{"embeddable":true,"href":"https:\/\/dev1.alpenpionier.ch\/fr\/wp-json\/wp\/v2\/media\/6520"}],"wp:attachment":[{"href":"https:\/\/dev1.alpenpionier.ch\/fr\/wp-json\/wp\/v2\/media?parent=7671"}],"wp:term":[{"taxonomy":"product_cat","embeddable":true,"href":"https:\/\/dev1.alpenpionier.ch\/fr\/wp-json\/wp\/v2\/product_cat?post=7671"},{"taxonomy":"product_tag","embeddable":true,"href":"https:\/\/dev1.alpenpionier.ch\/fr\/wp-json\/wp\/v2\/product_tag?post=7671"}],"curies":[{"name":"wp","href":"https:\/\/api.w.org\/{rel}","templated":true}]}}