{"id":7681,"date":"2018-06-18T19:46:16","date_gmt":"2020-09-23T14:37:27","guid":{"rendered":"https:\/\/dev1.alpenpionier.ch\/produkt\/livre-de-recettes\/"},"modified":"2022-09-01T00:00:04","modified_gmt":"2022-08-31T22:00:04","slug":"livre-de-recettes","status":"publish","type":"product","link":"https:\/\/dev1.alpenpionier.ch\/fr\/produkt\/livre-de-recettes\/","title":{"rendered":"Livre de recettes"},"content":{"rendered":"<p>Le chanvre &#8211; de retour dans nos champs, <a href=\"https:\/\/dev1.alpenpionier.ch\/alpenpioniere\/\" target=\"_blank\" rel=\"noopener noreferrer\">dans nos assiettes<\/a>. Le chanvre pour le coeur, le cerveau et presque tout le reste. Et pour la faim quotidienne le granola de chanvre, le latte de chanvre ainsi que le pesto de chanvre, s\u00e9duisent ? c&rsquo;est tout sur le chanvre. Jetez un coup d&rsquo;\u0153il! <a href=\"https:\/\/rebecca-clopath.ch\/\" target=\"_blank\" rel=\"noopener noreferrer\">Recettes de chanvre du Rebecca Clopath<\/a>.<\/p>\n","protected":false},"excerpt":{"rendered":"<p>Notre livret de recettes de chanvre a \u00e9t\u00e9 compos\u00e9 par Rebecca Clopath avec 12 recettes de produits de chanvre et enrichi avec des informations et des histoires sur le chanvre.<\/p>\n","protected":false},"featured_media":7260,"comment_status":"open","ping_status":"closed","template":"","meta":[],"product_cat":[55],"product_tag":[],"yoast_head":"<!-- This site is optimized with the Yoast SEO plugin v22.8 - https:\/\/yoast.com\/wordpress\/plugins\/seo\/ -->\n<title>Livret de recettes de chanvre - Les id\u00e9es de Rebecca - AlpenPionier<\/title>\n<meta name=\"description\" content=\"Recettes de chanvre d&#039;AlpenPionier - Laissez-vous inspirer par les id\u00e9es de Rebecca Clopath. Douze recettes passionnantes avec du chanvre.\" \/>\n<meta name=\"robots\" content=\"noindex, follow, max-snippet:-1, max-image-preview:large, max-video-preview:-1\" \/>\n<meta property=\"og:locale\" content=\"fr_FR\" \/>\n<meta property=\"og:type\" content=\"article\" \/>\n<meta property=\"og:title\" content=\"Livret de recettes de chanvre - Les id\u00e9es de Rebecca - AlpenPionier\" \/>\n<meta property=\"og:description\" content=\"Recettes de chanvre d&#039;AlpenPionier - Laissez-vous inspirer par les id\u00e9es de Rebecca Clopath. Douze recettes passionnantes avec du chanvre.\" \/>\n<meta property=\"og:url\" content=\"https:\/\/dev1.alpenpionier.ch\/fr\/produkt\/livre-de-recettes\/\" \/>\n<meta property=\"og:site_name\" content=\"AlpenPionier\" \/>\n<meta property=\"article:publisher\" content=\"https:\/\/www.facebook.com\/alpenpionier\/\" \/>\n<meta property=\"article:modified_time\" content=\"2022-08-31T22:00:04+00:00\" \/>\n<meta property=\"og:image\" content=\"https:\/\/dev1.alpenpionier.ch\/wp-content\/uploads\/hanfrezepte.png\" \/>\n\t<meta property=\"og:image:width\" content=\"850\" \/>\n\t<meta property=\"og:image:height\" content=\"850\" \/>\n\t<meta property=\"og:image:type\" content=\"image\/png\" \/>\n<meta name=\"twitter:card\" content=\"summary_large_image\" \/>\n<script type=\"application\/ld+json\" class=\"yoast-schema-graph\">{\"@context\":\"https:\/\/schema.org\",\"@graph\":[{\"@type\":\"WebPage\",\"@id\":\"https:\/\/dev1.alpenpionier.ch\/fr\/produkt\/livre-de-recettes\/\",\"url\":\"https:\/\/dev1.alpenpionier.ch\/fr\/produkt\/livre-de-recettes\/\",\"name\":\"Livret de recettes de chanvre - Les id\u00e9es de Rebecca - AlpenPionier\",\"isPartOf\":{\"@id\":\"https:\/\/dev1.alpenpionier.ch\/fr\/#website\"},\"primaryImageOfPage\":{\"@id\":\"https:\/\/dev1.alpenpionier.ch\/fr\/produkt\/livre-de-recettes\/#primaryimage\"},\"image\":{\"@id\":\"https:\/\/dev1.alpenpionier.ch\/fr\/produkt\/livre-de-recettes\/#primaryimage\"},\"thumbnailUrl\":\"https:\/\/dev1.alpenpionier.ch\/wp-content\/uploads\/hanfrezepte.png\",\"datePublished\":\"2020-09-23T14:37:27+00:00\",\"dateModified\":\"2022-08-31T22:00:04+00:00\",\"description\":\"Recettes de chanvre d'AlpenPionier - Laissez-vous inspirer par les id\u00e9es de Rebecca Clopath. Douze recettes passionnantes avec du chanvre.\",\"breadcrumb\":{\"@id\":\"https:\/\/dev1.alpenpionier.ch\/fr\/produkt\/livre-de-recettes\/#breadcrumb\"},\"inLanguage\":\"fr-FR\",\"potentialAction\":[{\"@type\":\"ReadAction\",\"target\":[\"https:\/\/dev1.alpenpionier.ch\/fr\/produkt\/livre-de-recettes\/\"]}]},{\"@type\":\"ImageObject\",\"inLanguage\":\"fr-FR\",\"@id\":\"https:\/\/dev1.alpenpionier.ch\/fr\/produkt\/livre-de-recettes\/#primaryimage\",\"url\":\"https:\/\/dev1.alpenpionier.ch\/wp-content\/uploads\/hanfrezepte.png\",\"contentUrl\":\"https:\/\/dev1.alpenpionier.ch\/wp-content\/uploads\/hanfrezepte.png\",\"width\":850,\"height\":850,\"caption\":\"Livre de recettes du AlpenPionier. Cuisiner au chanvre\"},{\"@type\":\"BreadcrumbList\",\"@id\":\"https:\/\/dev1.alpenpionier.ch\/fr\/produkt\/livre-de-recettes\/#breadcrumb\",\"itemListElement\":[{\"@type\":\"ListItem\",\"position\":1,\"name\":\"Startseite\",\"item\":\"https:\/\/dev1.alpenpionier.ch\/fr\/\"},{\"@type\":\"ListItem\",\"position\":2,\"name\":\"Shop\",\"item\":\"https:\/\/dev1.alpenpionier.ch\/fr\/shop-2\/\"},{\"@type\":\"ListItem\",\"position\":3,\"name\":\"Livre de recettes\"}]},{\"@type\":\"WebSite\",\"@id\":\"https:\/\/dev1.alpenpionier.ch\/fr\/#website\",\"url\":\"https:\/\/dev1.alpenpionier.ch\/fr\/\",\"name\":\"AlpenPionier\",\"description\":\"Lebensmittelhanf von AlpenPionier\",\"potentialAction\":[{\"@type\":\"SearchAction\",\"target\":{\"@type\":\"EntryPoint\",\"urlTemplate\":\"https:\/\/dev1.alpenpionier.ch\/fr\/?s={search_term_string}\"},\"query-input\":\"required name=search_term_string\"}],\"inLanguage\":\"fr-FR\"}]}<\/script>\n<!-- \/ Yoast SEO plugin. -->","yoast_head_json":{"title":"Livret de recettes de chanvre - Les id\u00e9es de Rebecca - AlpenPionier","description":"Recettes de chanvre d'AlpenPionier - Laissez-vous inspirer par les id\u00e9es de Rebecca Clopath. Douze recettes passionnantes avec du chanvre.","robots":{"index":"noindex","follow":"follow","max-snippet":"max-snippet:-1","max-image-preview":"max-image-preview:large","max-video-preview":"max-video-preview:-1"},"og_locale":"fr_FR","og_type":"article","og_title":"Livret de recettes de chanvre - Les id\u00e9es de Rebecca - AlpenPionier","og_description":"Recettes de chanvre d'AlpenPionier - Laissez-vous inspirer par les id\u00e9es de Rebecca Clopath. Douze recettes passionnantes avec du chanvre.","og_url":"https:\/\/dev1.alpenpionier.ch\/fr\/produkt\/livre-de-recettes\/","og_site_name":"AlpenPionier","article_publisher":"https:\/\/www.facebook.com\/alpenpionier\/","article_modified_time":"2022-08-31T22:00:04+00:00","og_image":[{"width":850,"height":850,"url":"https:\/\/dev1.alpenpionier.ch\/wp-content\/uploads\/hanfrezepte.png","type":"image\/png"}],"twitter_card":"summary_large_image","schema":{"@context":"https:\/\/schema.org","@graph":[{"@type":"WebPage","@id":"https:\/\/dev1.alpenpionier.ch\/fr\/produkt\/livre-de-recettes\/","url":"https:\/\/dev1.alpenpionier.ch\/fr\/produkt\/livre-de-recettes\/","name":"Livret de recettes de chanvre - Les id\u00e9es de Rebecca - AlpenPionier","isPartOf":{"@id":"https:\/\/dev1.alpenpionier.ch\/fr\/#website"},"primaryImageOfPage":{"@id":"https:\/\/dev1.alpenpionier.ch\/fr\/produkt\/livre-de-recettes\/#primaryimage"},"image":{"@id":"https:\/\/dev1.alpenpionier.ch\/fr\/produkt\/livre-de-recettes\/#primaryimage"},"thumbnailUrl":"https:\/\/dev1.alpenpionier.ch\/wp-content\/uploads\/hanfrezepte.png","datePublished":"2020-09-23T14:37:27+00:00","dateModified":"2022-08-31T22:00:04+00:00","description":"Recettes de chanvre d'AlpenPionier - Laissez-vous inspirer par les id\u00e9es de Rebecca Clopath. Douze recettes passionnantes avec du chanvre.","breadcrumb":{"@id":"https:\/\/dev1.alpenpionier.ch\/fr\/produkt\/livre-de-recettes\/#breadcrumb"},"inLanguage":"fr-FR","potentialAction":[{"@type":"ReadAction","target":["https:\/\/dev1.alpenpionier.ch\/fr\/produkt\/livre-de-recettes\/"]}]},{"@type":"ImageObject","inLanguage":"fr-FR","@id":"https:\/\/dev1.alpenpionier.ch\/fr\/produkt\/livre-de-recettes\/#primaryimage","url":"https:\/\/dev1.alpenpionier.ch\/wp-content\/uploads\/hanfrezepte.png","contentUrl":"https:\/\/dev1.alpenpionier.ch\/wp-content\/uploads\/hanfrezepte.png","width":850,"height":850,"caption":"Livre de recettes du AlpenPionier. Cuisiner au chanvre"},{"@type":"BreadcrumbList","@id":"https:\/\/dev1.alpenpionier.ch\/fr\/produkt\/livre-de-recettes\/#breadcrumb","itemListElement":[{"@type":"ListItem","position":1,"name":"Startseite","item":"https:\/\/dev1.alpenpionier.ch\/fr\/"},{"@type":"ListItem","position":2,"name":"Shop","item":"https:\/\/dev1.alpenpionier.ch\/fr\/shop-2\/"},{"@type":"ListItem","position":3,"name":"Livre de recettes"}]},{"@type":"WebSite","@id":"https:\/\/dev1.alpenpionier.ch\/fr\/#website","url":"https:\/\/dev1.alpenpionier.ch\/fr\/","name":"AlpenPionier","description":"Lebensmittelhanf von AlpenPionier","potentialAction":[{"@type":"SearchAction","target":{"@type":"EntryPoint","urlTemplate":"https:\/\/dev1.alpenpionier.ch\/fr\/?s={search_term_string}"},"query-input":"required name=search_term_string"}],"inLanguage":"fr-FR"}]}},"_links":{"self":[{"href":"https:\/\/dev1.alpenpionier.ch\/fr\/wp-json\/wp\/v2\/product\/7681"}],"collection":[{"href":"https:\/\/dev1.alpenpionier.ch\/fr\/wp-json\/wp\/v2\/product"}],"about":[{"href":"https:\/\/dev1.alpenpionier.ch\/fr\/wp-json\/wp\/v2\/types\/product"}],"replies":[{"embeddable":true,"href":"https:\/\/dev1.alpenpionier.ch\/fr\/wp-json\/wp\/v2\/comments?post=7681"}],"wp:featuredmedia":[{"embeddable":true,"href":"https:\/\/dev1.alpenpionier.ch\/fr\/wp-json\/wp\/v2\/media\/7260"}],"wp:attachment":[{"href":"https:\/\/dev1.alpenpionier.ch\/fr\/wp-json\/wp\/v2\/media?parent=7681"}],"wp:term":[{"taxonomy":"product_cat","embeddable":true,"href":"https:\/\/dev1.alpenpionier.ch\/fr\/wp-json\/wp\/v2\/product_cat?post=7681"},{"taxonomy":"product_tag","embeddable":true,"href":"https:\/\/dev1.alpenpionier.ch\/fr\/wp-json\/wp\/v2\/product_tag?post=7681"}],"curies":[{"name":"wp","href":"https:\/\/api.w.org\/{rel}","templated":true}]}}