{"id":7691,"date":"2018-06-02T11:24:22","date_gmt":"2020-09-23T15:06:49","guid":{"rendered":"https:\/\/dev1.alpenpionier.ch\/produkt\/cinechanvre\/"},"modified":"2020-10-19T11:08:46","modified_gmt":"2020-10-19T09:08:46","slug":"cinechanvre","status":"publish","type":"product","link":"https:\/\/dev1.alpenpionier.ch\/fr\/produkt\/cinechanvre\/","title":{"rendered":"Cin\u00e9Chanvre"},"content":{"rendered":"<p>Notre Cin\u00e9Chanvre est sal\u00e9 \u00e0 partir de nos <a href=\"\/produkt\/hanfnuesse\/\" target=\"_blank\" rel=\"noopener noreferrer\">graines de chanvre suisses<\/a> dans un processus certifi\u00e9 <a href=\"https:\/\/www.bio-suisse.ch\/\" target=\"_blank\" rel=\"noopener noreferrer\">Bio-Suisse.<\/a> Il s\u00e9duit par un ar\u00f4me de noisette tr\u00e8s prononc\u00e9. Les petites graines sont la collation sant\u00e9 pour les petits comme pour les grands.<\/p>\n","protected":false},"excerpt":{"rendered":"<p>Casablanca fait une romance de mon origine dans les Alpes, comme Fight Club donne un bon coup de prot\u00e9ines dans les reins. J&rsquo;ai grandi dans la nature comme Mowgli dans le Livre de la Jungle, et on dit qeu King Kong s&rsquo;est embal\u00e9 de moi comme Winnetou de son Cheval. &#8211; Hanfa la vista<\/p>\n<p><strong>Paquet avec 150g<\/strong><\/p>\n","protected":false},"featured_media":8397,"comment_status":"open","ping_status":"closed","template":"","meta":[],"product_cat":[52,83],"product_tag":[],"yoast_head":"<!-- This site is optimized with the Yoast SEO plugin v22.8 - https:\/\/yoast.com\/wordpress\/plugins\/seo\/ -->\n<title>Cin\u00e9Chanvre - Le snack alternatif au pop-corn - AlpenPionier<\/title>\n<meta name=\"description\" content=\"Cin\u00e9Chanvre d&#039;AlpenPionier - noix de chanvre torr\u00e9fi\u00e9es et sal\u00e9es \u2713 BioSuisse \u2713 L&#039;en-cas sain \u2713 A d\u00e9couvrir en ligne d\u00e8s maintenant !\" \/>\n<meta name=\"robots\" content=\"noindex, follow, max-snippet:-1, max-image-preview:large, max-video-preview:-1\" \/>\n<meta property=\"og:locale\" content=\"fr_FR\" \/>\n<meta property=\"og:type\" content=\"article\" \/>\n<meta property=\"og:title\" content=\"Cin\u00e9Chanvre - Le snack alternatif au pop-corn - AlpenPionier\" \/>\n<meta property=\"og:description\" content=\"Cin\u00e9Chanvre d&#039;AlpenPionier - noix de chanvre torr\u00e9fi\u00e9es et sal\u00e9es \u2713 BioSuisse \u2713 L&#039;en-cas sain \u2713 A d\u00e9couvrir en ligne d\u00e8s maintenant !\" \/>\n<meta property=\"og:url\" content=\"https:\/\/dev1.alpenpionier.ch\/fr\/produkt\/cinechanvre\/\" \/>\n<meta property=\"og:site_name\" content=\"AlpenPionier\" \/>\n<meta property=\"article:publisher\" content=\"https:\/\/www.facebook.com\/alpenpionier\/\" \/>\n<meta property=\"article:modified_time\" content=\"2020-10-19T09:08:46+00:00\" \/>\n<meta property=\"og:image\" content=\"https:\/\/dev1.alpenpionier.ch\/wp-content\/uploads\/KinoHanf_Produkt_150g_2020.png\" \/>\n\t<meta property=\"og:image:width\" content=\"850\" \/>\n\t<meta property=\"og:image:height\" content=\"850\" \/>\n\t<meta property=\"og:image:type\" content=\"image\/png\" \/>\n<meta name=\"twitter:card\" content=\"summary_large_image\" \/>\n<script type=\"application\/ld+json\" class=\"yoast-schema-graph\">{\"@context\":\"https:\/\/schema.org\",\"@graph\":[{\"@type\":\"WebPage\",\"@id\":\"https:\/\/dev1.alpenpionier.ch\/fr\/produkt\/cinechanvre\/\",\"url\":\"https:\/\/dev1.alpenpionier.ch\/fr\/produkt\/cinechanvre\/\",\"name\":\"Cin\u00e9Chanvre - Le snack alternatif au pop-corn - AlpenPionier\",\"isPartOf\":{\"@id\":\"https:\/\/dev1.alpenpionier.ch\/fr\/#website\"},\"primaryImageOfPage\":{\"@id\":\"https:\/\/dev1.alpenpionier.ch\/fr\/produkt\/cinechanvre\/#primaryimage\"},\"image\":{\"@id\":\"https:\/\/dev1.alpenpionier.ch\/fr\/produkt\/cinechanvre\/#primaryimage\"},\"thumbnailUrl\":\"https:\/\/dev1.alpenpionier.ch\/wp-content\/uploads\/KinoHanf_Produkt_150g_2020.png\",\"datePublished\":\"2020-09-23T15:06:49+00:00\",\"dateModified\":\"2020-10-19T09:08:46+00:00\",\"description\":\"Cin\u00e9Chanvre d'AlpenPionier - noix de chanvre torr\u00e9fi\u00e9es et sal\u00e9es \u2713 BioSuisse \u2713 L'en-cas sain \u2713 A d\u00e9couvrir en ligne d\u00e8s maintenant !\",\"breadcrumb\":{\"@id\":\"https:\/\/dev1.alpenpionier.ch\/fr\/produkt\/cinechanvre\/#breadcrumb\"},\"inLanguage\":\"fr-FR\",\"potentialAction\":[{\"@type\":\"ReadAction\",\"target\":[\"https:\/\/dev1.alpenpionier.ch\/fr\/produkt\/cinechanvre\/\"]}]},{\"@type\":\"ImageObject\",\"inLanguage\":\"fr-FR\",\"@id\":\"https:\/\/dev1.alpenpionier.ch\/fr\/produkt\/cinechanvre\/#primaryimage\",\"url\":\"https:\/\/dev1.alpenpionier.ch\/wp-content\/uploads\/KinoHanf_Produkt_150g_2020.png\",\"contentUrl\":\"https:\/\/dev1.alpenpionier.ch\/wp-content\/uploads\/KinoHanf_Produkt_150g_2020.png\",\"width\":850,\"height\":850,\"caption\":\"Kinohanf von AlpenPionier. Ger\u00f6stete, gesalzene Hanfsamen.\"},{\"@type\":\"BreadcrumbList\",\"@id\":\"https:\/\/dev1.alpenpionier.ch\/fr\/produkt\/cinechanvre\/#breadcrumb\",\"itemListElement\":[{\"@type\":\"ListItem\",\"position\":1,\"name\":\"Startseite\",\"item\":\"https:\/\/dev1.alpenpionier.ch\/fr\/\"},{\"@type\":\"ListItem\",\"position\":2,\"name\":\"Shop\",\"item\":\"https:\/\/dev1.alpenpionier.ch\/fr\/shop-2\/\"},{\"@type\":\"ListItem\",\"position\":3,\"name\":\"Cin\u00e9Chanvre\"}]},{\"@type\":\"WebSite\",\"@id\":\"https:\/\/dev1.alpenpionier.ch\/fr\/#website\",\"url\":\"https:\/\/dev1.alpenpionier.ch\/fr\/\",\"name\":\"AlpenPionier\",\"description\":\"Lebensmittelhanf von AlpenPionier\",\"potentialAction\":[{\"@type\":\"SearchAction\",\"target\":{\"@type\":\"EntryPoint\",\"urlTemplate\":\"https:\/\/dev1.alpenpionier.ch\/fr\/?s={search_term_string}\"},\"query-input\":\"required name=search_term_string\"}],\"inLanguage\":\"fr-FR\"}]}<\/script>\n<!-- \/ Yoast SEO plugin. -->","yoast_head_json":{"title":"Cin\u00e9Chanvre - Le snack alternatif au pop-corn - AlpenPionier","description":"Cin\u00e9Chanvre d'AlpenPionier - noix de chanvre torr\u00e9fi\u00e9es et sal\u00e9es \u2713 BioSuisse \u2713 L'en-cas sain \u2713 A d\u00e9couvrir en ligne d\u00e8s maintenant !","robots":{"index":"noindex","follow":"follow","max-snippet":"max-snippet:-1","max-image-preview":"max-image-preview:large","max-video-preview":"max-video-preview:-1"},"og_locale":"fr_FR","og_type":"article","og_title":"Cin\u00e9Chanvre - Le snack alternatif au pop-corn - AlpenPionier","og_description":"Cin\u00e9Chanvre d'AlpenPionier - noix de chanvre torr\u00e9fi\u00e9es et sal\u00e9es \u2713 BioSuisse \u2713 L'en-cas sain \u2713 A d\u00e9couvrir en ligne d\u00e8s maintenant !","og_url":"https:\/\/dev1.alpenpionier.ch\/fr\/produkt\/cinechanvre\/","og_site_name":"AlpenPionier","article_publisher":"https:\/\/www.facebook.com\/alpenpionier\/","article_modified_time":"2020-10-19T09:08:46+00:00","og_image":[{"width":850,"height":850,"url":"https:\/\/dev1.alpenpionier.ch\/wp-content\/uploads\/KinoHanf_Produkt_150g_2020.png","type":"image\/png"}],"twitter_card":"summary_large_image","schema":{"@context":"https:\/\/schema.org","@graph":[{"@type":"WebPage","@id":"https:\/\/dev1.alpenpionier.ch\/fr\/produkt\/cinechanvre\/","url":"https:\/\/dev1.alpenpionier.ch\/fr\/produkt\/cinechanvre\/","name":"Cin\u00e9Chanvre - Le snack alternatif au pop-corn - AlpenPionier","isPartOf":{"@id":"https:\/\/dev1.alpenpionier.ch\/fr\/#website"},"primaryImageOfPage":{"@id":"https:\/\/dev1.alpenpionier.ch\/fr\/produkt\/cinechanvre\/#primaryimage"},"image":{"@id":"https:\/\/dev1.alpenpionier.ch\/fr\/produkt\/cinechanvre\/#primaryimage"},"thumbnailUrl":"https:\/\/dev1.alpenpionier.ch\/wp-content\/uploads\/KinoHanf_Produkt_150g_2020.png","datePublished":"2020-09-23T15:06:49+00:00","dateModified":"2020-10-19T09:08:46+00:00","description":"Cin\u00e9Chanvre d'AlpenPionier - noix de chanvre torr\u00e9fi\u00e9es et sal\u00e9es \u2713 BioSuisse \u2713 L'en-cas sain \u2713 A d\u00e9couvrir en ligne d\u00e8s maintenant !","breadcrumb":{"@id":"https:\/\/dev1.alpenpionier.ch\/fr\/produkt\/cinechanvre\/#breadcrumb"},"inLanguage":"fr-FR","potentialAction":[{"@type":"ReadAction","target":["https:\/\/dev1.alpenpionier.ch\/fr\/produkt\/cinechanvre\/"]}]},{"@type":"ImageObject","inLanguage":"fr-FR","@id":"https:\/\/dev1.alpenpionier.ch\/fr\/produkt\/cinechanvre\/#primaryimage","url":"https:\/\/dev1.alpenpionier.ch\/wp-content\/uploads\/KinoHanf_Produkt_150g_2020.png","contentUrl":"https:\/\/dev1.alpenpionier.ch\/wp-content\/uploads\/KinoHanf_Produkt_150g_2020.png","width":850,"height":850,"caption":"Kinohanf von AlpenPionier. Ger\u00f6stete, gesalzene Hanfsamen."},{"@type":"BreadcrumbList","@id":"https:\/\/dev1.alpenpionier.ch\/fr\/produkt\/cinechanvre\/#breadcrumb","itemListElement":[{"@type":"ListItem","position":1,"name":"Startseite","item":"https:\/\/dev1.alpenpionier.ch\/fr\/"},{"@type":"ListItem","position":2,"name":"Shop","item":"https:\/\/dev1.alpenpionier.ch\/fr\/shop-2\/"},{"@type":"ListItem","position":3,"name":"Cin\u00e9Chanvre"}]},{"@type":"WebSite","@id":"https:\/\/dev1.alpenpionier.ch\/fr\/#website","url":"https:\/\/dev1.alpenpionier.ch\/fr\/","name":"AlpenPionier","description":"Lebensmittelhanf von AlpenPionier","potentialAction":[{"@type":"SearchAction","target":{"@type":"EntryPoint","urlTemplate":"https:\/\/dev1.alpenpionier.ch\/fr\/?s={search_term_string}"},"query-input":"required name=search_term_string"}],"inLanguage":"fr-FR"}]}},"_links":{"self":[{"href":"https:\/\/dev1.alpenpionier.ch\/fr\/wp-json\/wp\/v2\/product\/7691"}],"collection":[{"href":"https:\/\/dev1.alpenpionier.ch\/fr\/wp-json\/wp\/v2\/product"}],"about":[{"href":"https:\/\/dev1.alpenpionier.ch\/fr\/wp-json\/wp\/v2\/types\/product"}],"replies":[{"embeddable":true,"href":"https:\/\/dev1.alpenpionier.ch\/fr\/wp-json\/wp\/v2\/comments?post=7691"}],"wp:featuredmedia":[{"embeddable":true,"href":"https:\/\/dev1.alpenpionier.ch\/fr\/wp-json\/wp\/v2\/media\/8397"}],"wp:attachment":[{"href":"https:\/\/dev1.alpenpionier.ch\/fr\/wp-json\/wp\/v2\/media?parent=7691"}],"wp:term":[{"taxonomy":"product_cat","embeddable":true,"href":"https:\/\/dev1.alpenpionier.ch\/fr\/wp-json\/wp\/v2\/product_cat?post=7691"},{"taxonomy":"product_tag","embeddable":true,"href":"https:\/\/dev1.alpenpionier.ch\/fr\/wp-json\/wp\/v2\/product_tag?post=7691"}],"curies":[{"name":"wp","href":"https:\/\/api.w.org\/{rel}","templated":true}]}}