{"id":7692,"date":"2019-05-27T12:38:45","date_gmt":"2020-09-23T15:09:12","guid":{"rendered":"https:\/\/dev1.alpenpionier.ch\/produkt\/tisane-de-chanvre\/"},"modified":"2021-08-02T12:33:18","modified_gmt":"2021-08-02T10:33:18","slug":"tisane-de-chanvre","status":"publish","type":"product","link":"https:\/\/dev1.alpenpionier.ch\/fr\/produkt\/tisane-de-chanvre\/","title":{"rendered":"Tisane de chanvre"},"content":{"rendered":"<p>Ce th\u00e9 au chanvre a \u00e9t\u00e9 cueilli \u00e0 la main par nos soins en automne, soigneusement s\u00e9ch\u00e9 et emball\u00e9. Il nous r\u00e9chauffe dans les jours les plus froids et nous refroidit en \u00e9t\u00e9 en version th\u00e9 froid. Ce th\u00e9 au chanvre est 100% chanvre et apporte la <a href=\"https:\/\/dev1.alpenpionier.ch\/fragen-und-antworten\/\" target=\"_blank\" rel=\"noopener noreferrer\">note douce et typique du chanvre<\/a> dans son ar\u00f4me.<\/p>\n","protected":false},"excerpt":{"rendered":"<p><strong>Th\u00e9 comme tradition.<\/strong> Nos anc\u00eatres de <a href=\"https:\/\/tschiertschen.graubuenden.ch\/de\" target=\"_blank\" rel=\"noopener noreferrer\">Tschiertschen<\/a> faisaient d\u00e9j\u00e0 du th\u00e9 \u00e0 partir de feuilles de chanvre dans les ann\u00e9es 30 apr\u00e8s un dur labeur. Ce th\u00e9 est fra\u00eechement r\u00e9colt\u00e9 et s\u00e9ch\u00e9 et cultiv\u00e9 \u00e0 l&rsquo;air frais des montagnes. Th\u00e9 comme tranquille. Th\u00e9 comme tradition.<\/p>\n<p><strong>Paquet de 20 portions de th\u00e9 au chanvre<\/strong><\/p>\n","protected":false},"featured_media":17300,"comment_status":"open","ping_status":"closed","template":"","meta":[],"product_cat":[52,83],"product_tag":[],"yoast_head":"<!-- This site is optimized with the Yoast SEO plugin v22.8 - https:\/\/yoast.com\/wordpress\/plugins\/seo\/ -->\n<title>Th\u00e9 au chanvre - 100% Th\u00e9 au chanvre des Alpes suisses -%% AlpenPionier<\/title>\n<meta name=\"description\" content=\"Le th\u00e9 de chanvre d&#039;AlpenPionier \u261e Notre th\u00e9 fait \u00e0 partir de feuilles de chanvre pur. Le th\u00e9 de chanvre d&#039;AlpenPionier \u261e Notre th\u00e9 fait \u00e0 partir de feuilles de chanvre pur. Qualit\u00e9 BioSuisse \u2713 D\u00e9couvrez!\" \/>\n<meta name=\"robots\" content=\"noindex, follow, max-snippet:-1, max-image-preview:large, max-video-preview:-1\" \/>\n<meta property=\"og:locale\" content=\"fr_FR\" \/>\n<meta property=\"og:type\" content=\"article\" \/>\n<meta property=\"og:title\" content=\"Th\u00e9 au chanvre - 100% Th\u00e9 au chanvre des Alpes suisses -%% AlpenPionier\" \/>\n<meta property=\"og:description\" content=\"Le th\u00e9 de chanvre d&#039;AlpenPionier \u261e Notre th\u00e9 fait \u00e0 partir de feuilles de chanvre pur. Le th\u00e9 de chanvre d&#039;AlpenPionier \u261e Notre th\u00e9 fait \u00e0 partir de feuilles de chanvre pur. Qualit\u00e9 BioSuisse \u2713 D\u00e9couvrez!\" \/>\n<meta property=\"og:url\" content=\"https:\/\/dev1.alpenpionier.ch\/fr\/produkt\/tisane-de-chanvre\/\" \/>\n<meta property=\"og:site_name\" content=\"AlpenPionier\" \/>\n<meta property=\"article:publisher\" content=\"https:\/\/www.facebook.com\/alpenpionier\/\" \/>\n<meta property=\"article:modified_time\" content=\"2021-08-02T10:33:18+00:00\" \/>\n<meta property=\"og:image\" content=\"https:\/\/dev1.alpenpionier.ch\/wp-content\/uploads\/HanfTee_Produkt_20g.png\" \/>\n\t<meta property=\"og:image:width\" content=\"850\" \/>\n\t<meta property=\"og:image:height\" content=\"850\" \/>\n\t<meta property=\"og:image:type\" content=\"image\/png\" \/>\n<meta name=\"twitter:card\" content=\"summary_large_image\" \/>\n<script type=\"application\/ld+json\" class=\"yoast-schema-graph\">{\"@context\":\"https:\/\/schema.org\",\"@graph\":[{\"@type\":\"WebPage\",\"@id\":\"https:\/\/dev1.alpenpionier.ch\/fr\/produkt\/tisane-de-chanvre\/\",\"url\":\"https:\/\/dev1.alpenpionier.ch\/fr\/produkt\/tisane-de-chanvre\/\",\"name\":\"Th\u00e9 au chanvre - 100% Th\u00e9 au chanvre des Alpes suisses -%% AlpenPionier\",\"isPartOf\":{\"@id\":\"https:\/\/dev1.alpenpionier.ch\/fr\/#website\"},\"primaryImageOfPage\":{\"@id\":\"https:\/\/dev1.alpenpionier.ch\/fr\/produkt\/tisane-de-chanvre\/#primaryimage\"},\"image\":{\"@id\":\"https:\/\/dev1.alpenpionier.ch\/fr\/produkt\/tisane-de-chanvre\/#primaryimage\"},\"thumbnailUrl\":\"https:\/\/dev1.alpenpionier.ch\/wp-content\/uploads\/ap_hanftee_box_blau_2023_website.png\",\"datePublished\":\"2020-09-23T15:09:12+00:00\",\"dateModified\":\"2021-08-02T10:33:18+00:00\",\"description\":\"Le th\u00e9 de chanvre d'AlpenPionier \u261e Notre th\u00e9 fait \u00e0 partir de feuilles de chanvre pur. Le th\u00e9 de chanvre d'AlpenPionier \u261e Notre th\u00e9 fait \u00e0 partir de feuilles de chanvre pur. Qualit\u00e9 BioSuisse \u2713 D\u00e9couvrez!\",\"breadcrumb\":{\"@id\":\"https:\/\/dev1.alpenpionier.ch\/fr\/produkt\/tisane-de-chanvre\/#breadcrumb\"},\"inLanguage\":\"fr-FR\",\"potentialAction\":[{\"@type\":\"ReadAction\",\"target\":[\"https:\/\/dev1.alpenpionier.ch\/fr\/produkt\/tisane-de-chanvre\/\"]}]},{\"@type\":\"ImageObject\",\"inLanguage\":\"fr-FR\",\"@id\":\"https:\/\/dev1.alpenpionier.ch\/fr\/produkt\/tisane-de-chanvre\/#primaryimage\",\"url\":\"https:\/\/dev1.alpenpionier.ch\/wp-content\/uploads\/ap_hanftee_box_blau_2023_website.png\",\"contentUrl\":\"https:\/\/dev1.alpenpionier.ch\/wp-content\/uploads\/ap_hanftee_box_blau_2023_website.png\",\"width\":850,\"height\":850,\"caption\":\"HanfTee aus Schweizer Hanf von AlpenPionier. Dieser Tee ist frisch von unseren Feldern geerntet.\"},{\"@type\":\"BreadcrumbList\",\"@id\":\"https:\/\/dev1.alpenpionier.ch\/fr\/produkt\/tisane-de-chanvre\/#breadcrumb\",\"itemListElement\":[{\"@type\":\"ListItem\",\"position\":1,\"name\":\"Startseite\",\"item\":\"https:\/\/dev1.alpenpionier.ch\/fr\/\"},{\"@type\":\"ListItem\",\"position\":2,\"name\":\"Shop\",\"item\":\"https:\/\/dev1.alpenpionier.ch\/fr\/shop-2\/\"},{\"@type\":\"ListItem\",\"position\":3,\"name\":\"Tisane de chanvre\"}]},{\"@type\":\"WebSite\",\"@id\":\"https:\/\/dev1.alpenpionier.ch\/fr\/#website\",\"url\":\"https:\/\/dev1.alpenpionier.ch\/fr\/\",\"name\":\"AlpenPionier\",\"description\":\"Lebensmittelhanf von AlpenPionier\",\"potentialAction\":[{\"@type\":\"SearchAction\",\"target\":{\"@type\":\"EntryPoint\",\"urlTemplate\":\"https:\/\/dev1.alpenpionier.ch\/fr\/?s={search_term_string}\"},\"query-input\":\"required name=search_term_string\"}],\"inLanguage\":\"fr-FR\"}]}<\/script>\n<!-- \/ Yoast SEO plugin. -->","yoast_head_json":{"title":"Th\u00e9 au chanvre - 100% Th\u00e9 au chanvre des Alpes suisses -%% AlpenPionier","description":"Le th\u00e9 de chanvre d'AlpenPionier \u261e Notre th\u00e9 fait \u00e0 partir de feuilles de chanvre pur. Le th\u00e9 de chanvre d'AlpenPionier \u261e Notre th\u00e9 fait \u00e0 partir de feuilles de chanvre pur. Qualit\u00e9 BioSuisse \u2713 D\u00e9couvrez!","robots":{"index":"noindex","follow":"follow","max-snippet":"max-snippet:-1","max-image-preview":"max-image-preview:large","max-video-preview":"max-video-preview:-1"},"og_locale":"fr_FR","og_type":"article","og_title":"Th\u00e9 au chanvre - 100% Th\u00e9 au chanvre des Alpes suisses -%% AlpenPionier","og_description":"Le th\u00e9 de chanvre d'AlpenPionier \u261e Notre th\u00e9 fait \u00e0 partir de feuilles de chanvre pur. Le th\u00e9 de chanvre d'AlpenPionier \u261e Notre th\u00e9 fait \u00e0 partir de feuilles de chanvre pur. Qualit\u00e9 BioSuisse \u2713 D\u00e9couvrez!","og_url":"https:\/\/dev1.alpenpionier.ch\/fr\/produkt\/tisane-de-chanvre\/","og_site_name":"AlpenPionier","article_publisher":"https:\/\/www.facebook.com\/alpenpionier\/","article_modified_time":"2021-08-02T10:33:18+00:00","og_image":[{"width":850,"height":850,"url":"https:\/\/dev1.alpenpionier.ch\/wp-content\/uploads\/HanfTee_Produkt_20g.png","type":"image\/png"}],"twitter_card":"summary_large_image","schema":{"@context":"https:\/\/schema.org","@graph":[{"@type":"WebPage","@id":"https:\/\/dev1.alpenpionier.ch\/fr\/produkt\/tisane-de-chanvre\/","url":"https:\/\/dev1.alpenpionier.ch\/fr\/produkt\/tisane-de-chanvre\/","name":"Th\u00e9 au chanvre - 100% Th\u00e9 au chanvre des Alpes suisses -%% AlpenPionier","isPartOf":{"@id":"https:\/\/dev1.alpenpionier.ch\/fr\/#website"},"primaryImageOfPage":{"@id":"https:\/\/dev1.alpenpionier.ch\/fr\/produkt\/tisane-de-chanvre\/#primaryimage"},"image":{"@id":"https:\/\/dev1.alpenpionier.ch\/fr\/produkt\/tisane-de-chanvre\/#primaryimage"},"thumbnailUrl":"https:\/\/dev1.alpenpionier.ch\/wp-content\/uploads\/ap_hanftee_box_blau_2023_website.png","datePublished":"2020-09-23T15:09:12+00:00","dateModified":"2021-08-02T10:33:18+00:00","description":"Le th\u00e9 de chanvre d'AlpenPionier \u261e Notre th\u00e9 fait \u00e0 partir de feuilles de chanvre pur. Le th\u00e9 de chanvre d'AlpenPionier \u261e Notre th\u00e9 fait \u00e0 partir de feuilles de chanvre pur. Qualit\u00e9 BioSuisse \u2713 D\u00e9couvrez!","breadcrumb":{"@id":"https:\/\/dev1.alpenpionier.ch\/fr\/produkt\/tisane-de-chanvre\/#breadcrumb"},"inLanguage":"fr-FR","potentialAction":[{"@type":"ReadAction","target":["https:\/\/dev1.alpenpionier.ch\/fr\/produkt\/tisane-de-chanvre\/"]}]},{"@type":"ImageObject","inLanguage":"fr-FR","@id":"https:\/\/dev1.alpenpionier.ch\/fr\/produkt\/tisane-de-chanvre\/#primaryimage","url":"https:\/\/dev1.alpenpionier.ch\/wp-content\/uploads\/ap_hanftee_box_blau_2023_website.png","contentUrl":"https:\/\/dev1.alpenpionier.ch\/wp-content\/uploads\/ap_hanftee_box_blau_2023_website.png","width":850,"height":850,"caption":"HanfTee aus Schweizer Hanf von AlpenPionier. Dieser Tee ist frisch von unseren Feldern geerntet."},{"@type":"BreadcrumbList","@id":"https:\/\/dev1.alpenpionier.ch\/fr\/produkt\/tisane-de-chanvre\/#breadcrumb","itemListElement":[{"@type":"ListItem","position":1,"name":"Startseite","item":"https:\/\/dev1.alpenpionier.ch\/fr\/"},{"@type":"ListItem","position":2,"name":"Shop","item":"https:\/\/dev1.alpenpionier.ch\/fr\/shop-2\/"},{"@type":"ListItem","position":3,"name":"Tisane de chanvre"}]},{"@type":"WebSite","@id":"https:\/\/dev1.alpenpionier.ch\/fr\/#website","url":"https:\/\/dev1.alpenpionier.ch\/fr\/","name":"AlpenPionier","description":"Lebensmittelhanf von AlpenPionier","potentialAction":[{"@type":"SearchAction","target":{"@type":"EntryPoint","urlTemplate":"https:\/\/dev1.alpenpionier.ch\/fr\/?s={search_term_string}"},"query-input":"required name=search_term_string"}],"inLanguage":"fr-FR"}]}},"_links":{"self":[{"href":"https:\/\/dev1.alpenpionier.ch\/fr\/wp-json\/wp\/v2\/product\/7692"}],"collection":[{"href":"https:\/\/dev1.alpenpionier.ch\/fr\/wp-json\/wp\/v2\/product"}],"about":[{"href":"https:\/\/dev1.alpenpionier.ch\/fr\/wp-json\/wp\/v2\/types\/product"}],"replies":[{"embeddable":true,"href":"https:\/\/dev1.alpenpionier.ch\/fr\/wp-json\/wp\/v2\/comments?post=7692"}],"wp:featuredmedia":[{"embeddable":true,"href":"https:\/\/dev1.alpenpionier.ch\/fr\/wp-json\/wp\/v2\/media\/17300"}],"wp:attachment":[{"href":"https:\/\/dev1.alpenpionier.ch\/fr\/wp-json\/wp\/v2\/media?parent=7692"}],"wp:term":[{"taxonomy":"product_cat","embeddable":true,"href":"https:\/\/dev1.alpenpionier.ch\/fr\/wp-json\/wp\/v2\/product_cat?post=7692"},{"taxonomy":"product_tag","embeddable":true,"href":"https:\/\/dev1.alpenpionier.ch\/fr\/wp-json\/wp\/v2\/product_tag?post=7692"}],"curies":[{"name":"wp","href":"https:\/\/api.w.org\/{rel}","templated":true}]}}